{"id":850,"date":"2025-02-10T14:30:59","date_gmt":"2025-02-10T20:30:59","guid":{"rendered":"https:\/\/globetrotterexcursions.com\/?page_id=850"},"modified":"2025-02-10T17:31:17","modified_gmt":"2025-02-10T23:31:17","slug":"politica-de-privacidad","status":"publish","type":"page","link":"https:\/\/globetrotterexcursions.com\/en\/politica-de-privacidad\/","title":{"rendered":"Privacy policy"},"content":{"rendered":"<div data-elementor-type=\"wp-page\" data-elementor-id=\"850\" class=\"elementor elementor-850\" data-elementor-post-type=\"page\">\n\t\t\t\t<div class=\"elementor-element elementor-element-a7a21fb e-flex e-con-boxed e-con e-parent\" data-id=\"a7a21fb\" data-element_type=\"container\" data-settings=\"{&quot;background_background&quot;:&quot;classic&quot;}\">\n\t\t\t\t\t<div class=\"e-con-inner\">\n\t\t<div class=\"elementor-element elementor-element-d716ea8 e-flex e-con-boxed e-con e-child\" data-id=\"d716ea8\" data-element_type=\"container\">\n\t\t\t\t\t<div class=\"e-con-inner\">\n\t\t\t\t\t<\/div>\n\t\t\t\t<\/div>\n\t\t\t\t\t<\/div>\n\t\t\t\t<\/div>\n\t\t<div class=\"elementor-element elementor-element-2ddaf9a e-flex e-con-boxed e-con e-parent\" data-id=\"2ddaf9a\" data-element_type=\"container\">\n\t\t\t\t\t<div class=\"e-con-inner\">\n\t\t\t\t<div class=\"elementor-element elementor-element-45df919 elementor-widget elementor-widget-text-editor\" data-id=\"45df919\" data-element_type=\"widget\" data-widget_type=\"text-editor.default\">\n\t\t\t\t\t\t\t\t\t<p><strong>Date of last update:<\/strong> January 24, 2025<\/p><h4>Introduction<\/h4><p>Globetrotter Excursions (hereinafter &#034;we&#034;, &#034;our&#034; or &#034;the Company&#034;) is committed to protecting the privacy and personal data of our customers and users. This Privacy Policy describes how we collect, use, store and protect your personal information when you use our website and services.<\/p><h4>Legal Framework<\/h4><p>This Privacy Policy is governed by the laws of Guatemala, including the Political Constitution of the Republic of Guatemala, the Act on Access to Public Information (Decreto 57-2008), and the principles laid down by the Constitutional Court in the matter of protection of personal data. In addition, we adhere to international standards of data protection as the General Regulation of Data Protection (GDPR) of the European Union, to the extent that they are applicable to our operations.<\/p><h4>Information we Collect<\/h4><p>We may collect the following personal information:<\/p><ul><li>Full name<\/li><li>E-mail address<\/li><li>Phone number<\/li><li>Postal address<\/li><li>Information of passport or id<\/li><li>Travel preferences<\/li><li>Payment information<\/li><\/ul><h4>How we Use your Information<\/h4><p>We use your personal information to:<\/p><ul><li>Process bookings and payments<\/li><li>Provide travel services<\/li><li>To communicate with you about your booking<\/li><li>Improve our services<\/li><li>Comply with legal obligations<\/li><\/ul><h4>Consent<\/h4><p>By providing us with your personal data, you give your consent to the collection, use and processing in accordance with this Privacy Policy.<\/p><h4>Share Information<\/h4><p>We do not sell or rent your personal information to third parties. We may share your information with service providers that help us to operate our business, always under strict confidentiality measures.<\/p><h4>Security of Data<\/h4><p>We implement technical security measures and organisational, to protect your personal data against unauthorized access, loss or alteration.<\/p><h4>Your Rights<\/h4><p>You have the right to:<\/p><ul><li>Access to your personal data<\/li><li>Rectify inaccurate data<\/li><li>Request deletion of your data<\/li><li>Object to the processing of your data<\/li><li>File a complaint with the competent authority<\/li><\/ul><h4>Changes in the Privacy Policy<\/h4><p>We reserve the right to modify this Privacy Policy at any time. The changes will come into force immediately after their publication on our web site.<\/p><h4>Contact<\/h4><p>To exercise your rights or if you have any questions about this Privacy Policy, please contact us at the email available on our website.<\/p><p>By using our website and services, you agree to the terms of this Privacy Policy.<\/p>\t\t\t\t\t\t\t\t<\/div>\n\t\t\t\t\t<\/div>\n\t\t\t\t<\/div>\n\t\t\t\t<\/div>","protected":false},"excerpt":{"rendered":"<p>Fecha de \u00faltima actualizaci\u00f3n: 24 de enero de 2025 Introducci\u00f3n Globetrotter Excursions (en adelante, \u00abnosotros\u00bb, \u00abnuestro\u00bb o \u00abla Empresa\u00bb) se compromete a proteger la privacidad y los datos personales de nuestros clientes y usuarios. Esta Pol\u00edtica de Privacidad describe c\u00f3mo recopilamos, utilizamos, almacenamos y protegemos su informaci\u00f3n personal cuando utiliza nuestro sitio web y servicios. [&hellip;]<\/p>","protected":false},"author":2,"featured_media":0,"parent":0,"menu_order":0,"comment_status":"closed","ping_status":"open","template":"","meta":{"footnotes":""},"class_list":["post-850","page","type-page","status-publish","hentry"],"_links":{"self":[{"href":"https:\/\/globetrotterexcursions.com\/en\/wp-json\/wp\/v2\/pages\/850","targetHints":{"allow":["GET"]}}],"collection":[{"href":"https:\/\/globetrotterexcursions.com\/en\/wp-json\/wp\/v2\/pages"}],"about":[{"href":"https:\/\/globetrotterexcursions.com\/en\/wp-json\/wp\/v2\/types\/page"}],"author":[{"embeddable":true,"href":"https:\/\/globetrotterexcursions.com\/en\/wp-json\/wp\/v2\/users\/2"}],"replies":[{"embeddable":true,"href":"https:\/\/globetrotterexcursions.com\/en\/wp-json\/wp\/v2\/comments?post=850"}],"version-history":[{"count":3,"href":"https:\/\/globetrotterexcursions.com\/en\/wp-json\/wp\/v2\/pages\/850\/revisions"}],"predecessor-version":[{"id":906,"href":"https:\/\/globetrotterexcursions.com\/en\/wp-json\/wp\/v2\/pages\/850\/revisions\/906"}],"wp:attachment":[{"href":"https:\/\/globetrotterexcursions.com\/en\/wp-json\/wp\/v2\/media?parent=850"}],"curies":[{"name":"wp","href":"https:\/\/api.w.org\/{rel}","templated":true}]}}