{"id":804,"date":"2025-02-10T11:02:44","date_gmt":"2025-02-10T17:02:44","guid":{"rendered":"https:\/\/globetrotterexcursions.com\/?page_id=804"},"modified":"2025-02-24T14:44:49","modified_gmt":"2025-02-24T20:44:49","slug":"programa-de-afiliados","status":"publish","type":"page","link":"https:\/\/globetrotterexcursions.com\/en\/programa-de-afiliados\/","title":{"rendered":"Affiliate program"},"content":{"rendered":"<div data-elementor-type=\"wp-page\" data-elementor-id=\"804\" class=\"elementor elementor-804\" data-elementor-post-type=\"page\">\n\t\t\t\t<div class=\"elementor-element elementor-element-a45f51a e-flex e-con-boxed e-con e-parent\" data-id=\"a45f51a\" data-element_type=\"container\" data-settings=\"{&quot;background_background&quot;:&quot;classic&quot;}\">\n\t\t\t\t\t<div class=\"e-con-inner\">\n\t\t<div class=\"elementor-element elementor-element-6b82ca3 e-flex e-con-boxed e-con e-child\" data-id=\"6b82ca3\" data-element_type=\"container\">\n\t\t\t\t\t<div class=\"e-con-inner\">\n\t\t\t\t<div class=\"elementor-element elementor-element-fc45a19 elementor-widget__width-initial animated-fast elementor-invisible elementor-widget elementor-widget-text-editor\" data-id=\"fc45a19\" data-element_type=\"widget\" data-settings=\"{&quot;_animation&quot;:&quot;fadeInRight&quot;,&quot;_animation_delay&quot;:600}\" data-widget_type=\"text-editor.default\">\n\t\t\t\t\t\t\t\t\t<p>Welcome to the Globetrotter Excursions Affiliate Program, an exciting opportunity for travel agents, bloggers, influencers and tourism enthusiasts to partner with us and earn benefits by promoting our travel services in Guatemala and Central America.<\/p>\t\t\t\t\t\t\t\t<\/div>\n\t\t\t\t\t<\/div>\n\t\t\t\t<\/div>\n\t\t\t\t\t<\/div>\n\t\t\t\t<\/div>\n\t\t<div class=\"elementor-element elementor-element-20b1108 e-flex e-con-boxed e-con e-parent\" data-id=\"20b1108\" data-element_type=\"container\">\n\t\t\t\t\t<div class=\"e-con-inner\">\n\t\t<div class=\"elementor-element elementor-element-99eff04 e-con-full e-flex e-con e-child\" data-id=\"99eff04\" data-element_type=\"container\">\n\t\t<div class=\"elementor-element elementor-element-15e46d5 e-con-full e-flex elementor-invisible e-con e-child\" data-id=\"15e46d5\" data-element_type=\"container\" data-settings=\"{&quot;animation&quot;:&quot;fadeInUp&quot;}\">\n\t\t\t\t<div class=\"elementor-element elementor-element-111c27e elementor-widget elementor-widget-text-editor\" data-id=\"111c27e\" data-element_type=\"widget\" data-widget_type=\"text-editor.default\">\n\t\t\t\t\t\t\t\t\t<h4>How does it work?<\/h4><ol><li>Registration: Complete our affiliate registration form.<\/li><li>Approval: Our team will review your application and if approved, we will provide you with access to our affiliate portal.<\/li><li>Promotion: Use the personalized promotional links and materials we will provide to promote our tours and services.<\/li><li>Commissions: Earn commissions on every sale made through your unique links.<\/li><li>Payments: Receive your earnings monthly via bank transfer or PayPal.<\/li><\/ol><h4>Benefits<strong><em>\u00a0<\/em><\/strong><\/h4><ul><li>Competitive Commissions: Earn up to 15% commission on every sale made.<\/li><li>Marketing Materials: Access to high-quality banners, images and promotional texts.<\/li><li>Dashboard: Real-time tracking of your referrals and commissions.<\/li><li>Dedicated Support: Personalized assistance from our affiliate team.<\/li><li>Exclusive Offers: Access to special promotions to share with your audience.<\/li><li>Fam trip opportunities: Possibility of participating in familiarization trips to get to know our destinations first-hand.<\/li><\/ul>\t\t\t\t\t\t\t\t<\/div>\n\t\t\t\t<\/div>\n\t\t<div class=\"elementor-element elementor-element-b5634d5 e-con-full e-flex elementor-invisible e-con e-child\" data-id=\"b5634d5\" data-element_type=\"container\" data-settings=\"{&quot;animation&quot;:&quot;fadeInRight&quot;}\">\n\t\t\t\t<div class=\"elementor-element elementor-element-3d34642 elementor-widget elementor-widget-text-editor\" data-id=\"3d34642\" data-element_type=\"widget\" data-widget_type=\"text-editor.default\">\n\t\t\t\t\t\t\t\t\t<h4>Registration Form<\/h4><p>To join our Affiliate Program, please complete the following form:<\/p>\t\t\t\t\t\t\t\t<\/div>\n\t\t\t\t<div class=\"elementor-element elementor-element-8655dba elementor-button-align-stretch elementor-widget elementor-widget-form\" data-id=\"8655dba\" data-element_type=\"widget\" data-settings=\"{&quot;step_next_label&quot;:&quot;Siguiente&quot;,&quot;step_previous_label&quot;:&quot;Anterior&quot;,&quot;button_width&quot;:&quot;100&quot;,&quot;step_type&quot;:&quot;number_text&quot;,&quot;step_icon_shape&quot;:&quot;circle&quot;}\" data-widget_type=\"form.default\">\n\t\t\t\t\t\t\t<form class=\"elementor-form\" method=\"post\" name=\"Nuevo formulario\" action=\"\">\n\t\t\t<input type=\"hidden\" name=\"post_id\" value=\"804\"\/>\n\t\t\t<input type=\"hidden\" name=\"form_id\" value=\"8655dba\"\/>\n\t\t\t<input type=\"hidden\" name=\"referer_title\" value=\"Programa de afiliados\" \/>\n\n\t\t\t\t\t\t\t<input type=\"hidden\" name=\"queried_id\" value=\"804\"\/>\n\t\t\t\n\t\t\t<div class=\"elementor-form-fields-wrapper elementor-labels-above\">\n\t\t\t\t\t\t\t\t<div class=\"elementor-field-type-text elementor-field-group elementor-column elementor-field-group-name elementor-col-100\">\n\t\t\t\t\t\t\t\t\t\t\t\t<label for=\"form-field-name\" class=\"elementor-field-label\">\n\t\t\t\t\t\t\t\tFull name\t\t\t\t\t\t\t<\/label>\n\t\t\t\t\t\t\t\t\t\t\t\t\t\t<input size=\"1\" type=\"text\" name=\"form_fields[name]\" id=\"form-field-name\" class=\"elementor-field elementor-size-sm  elementor-field-textual\" placeholder=\"Full name\">\n\t\t\t\t\t\t\t\t\t\t\t<\/div>\n\t\t\t\t\t\t\t\t<div class=\"elementor-field-type-email elementor-field-group elementor-column elementor-field-group-email elementor-col-100 elementor-field-required\">\n\t\t\t\t\t\t\t\t\t\t\t\t<label for=\"form-field-email\" class=\"elementor-field-label\">\n\t\t\t\t\t\t\t\tE-mail\t\t\t\t\t\t\t<\/label>\n\t\t\t\t\t\t\t\t\t\t\t\t\t\t<input size=\"1\" type=\"email\" name=\"form_fields[email]\" id=\"form-field-email\" class=\"elementor-field elementor-size-sm  elementor-field-textual\" placeholder=\"E-mail\" required=\"required\">\n\t\t\t\t\t\t\t\t\t\t\t<\/div>\n\t\t\t\t\t\t\t\t<div class=\"elementor-field-type-text elementor-field-group elementor-column elementor-field-group-field_c41151b elementor-col-100\">\n\t\t\t\t\t\t\t\t\t\t\t\t<label for=\"form-field-field_c41151b\" class=\"elementor-field-label\">\n\t\t\t\t\t\t\t\tWebsite\t\t\t\t\t\t\t<\/label>\n\t\t\t\t\t\t\t\t\t\t\t\t\t\t<input size=\"1\" type=\"text\" name=\"form_fields[field_c41151b]\" id=\"form-field-field_c41151b\" class=\"elementor-field elementor-size-sm  elementor-field-textual\" placeholder=\"Website\">\n\t\t\t\t\t\t\t\t\t\t\t<\/div>\n\t\t\t\t\t\t\t\t<div class=\"elementor-field-type-text elementor-field-group elementor-column elementor-field-group-field_8f53985 elementor-col-100\">\n\t\t\t\t\t\t\t\t\t\t\t\t<label for=\"form-field-field_8f53985\" class=\"elementor-field-label\">\n\t\t\t\t\t\t\t\tSocial networks \t\t\t\t\t\t\t<\/label>\n\t\t\t\t\t\t\t\t\t\t\t\t\t\t<input size=\"1\" type=\"text\" name=\"form_fields[field_8f53985]\" id=\"form-field-field_8f53985\" class=\"elementor-field elementor-size-sm  elementor-field-textual\" placeholder=\"Social networks \">\n\t\t\t\t\t\t\t\t\t\t\t<\/div>\n\t\t\t\t\t\t\t\t<div class=\"elementor-field-type-select elementor-field-group elementor-column elementor-field-group-field_80a7bf9 elementor-col-100\">\n\t\t\t\t\t\t\t\t\t\t\t\t<label for=\"form-field-field_80a7bf9\" class=\"elementor-field-label\">\n\t\t\t\t\t\t\t\tAffiliate Type\t\t\t\t\t\t\t<\/label>\n\t\t\t\t\t\t\t\t<div class=\"elementor-field elementor-select-wrapper remove-before\">\n\t\t\t<div class=\"select-caret-down-wrapper\">\n\t\t\t\t<i aria-hidden=\"true\" class=\"eicon-caret-down\"><\/i>\t\t\t<\/div>\n\t\t\t<select name=\"form_fields[field_80a7bf9]\" id=\"form-field-field_80a7bf9\" class=\"elementor-field-textual elementor-size-sm\">\n\t\t\t\t\t\t\t\t\t<option value=\"Agente de viajes\">Travel Agent<\/option>\n\t\t\t\t\t\t\t\t\t<option value=\"Blogger de viajes\">Travel blogger<\/option>\n\t\t\t\t\t\t\t\t\t<option value=\"Influencer\">Influencer<\/option>\n\t\t\t\t\t\t\t<\/select>\n\t\t<\/div>\n\t\t\t\t\t\t<\/div>\n\t\t\t\t\t\t\t\t<div class=\"elementor-field-type-textarea elementor-field-group elementor-column elementor-field-group-message elementor-col-100\">\n\t\t\t\t\t\t\t\t\t\t\t\t<label for=\"form-field-message\" class=\"elementor-field-label\">\n\t\t\t\t\t\t\t\tHow do you plan to promote our services?\t\t\t\t\t\t\t<\/label>\n\t\t\t\t\t\t<textarea class=\"elementor-field-textual elementor-field  elementor-size-sm\" name=\"form_fields[message]\" id=\"form-field-message\" rows=\"2\" placeholder=\"How do you plan to promote our services?\"><\/textarea>\t\t\t\t<\/div>\n\t\t\t\t\t\t\t\t<div class=\"elementor-field-type-radio elementor-field-group elementor-column elementor-field-group-field_a4117d5 elementor-col-100\">\n\t\t\t\t\t\t\t\t\t\t\t\t<label for=\"form-field-field_a4117d5\" class=\"elementor-field-label\">\n\t\t\t\t\t\t\t\tDo you have previous experience as an affiliate?\t\t\t\t\t\t\t<\/label>\n\t\t\t\t\t\t<div class=\"elementor-field-subgroup  elementor-subgroup-inline\"><span class=\"elementor-field-option\"><input type=\"radio\" value=\"S\u00ed\" id=\"form-field-field_a4117d5-0\" name=\"form_fields[field_a4117d5]\"> <label for=\"form-field-field_a4117d5-0\">Yes<\/label><\/span><span class=\"elementor-field-option\"><input type=\"radio\" value=\"No\" id=\"form-field-field_a4117d5-1\" name=\"form_fields[field_a4117d5]\"> <label for=\"form-field-field_a4117d5-1\">No<\/label><\/span><\/div>\t\t\t\t<\/div>\n\t\t\t\t\t\t\t\t<div class=\"elementor-field-type-textarea elementor-field-group elementor-column elementor-field-group-field_bcae5d3 elementor-col-100\">\n\t\t\t\t\t\t\t\t\t\t\t\t<label for=\"form-field-field_bcae5d3\" class=\"elementor-field-label\">\n\t\t\t\t\t\t\t\tAdditional comments\t\t\t\t\t\t\t<\/label>\n\t\t\t\t\t\t<textarea class=\"elementor-field-textual elementor-field  elementor-size-sm\" name=\"form_fields[field_bcae5d3]\" id=\"form-field-field_bcae5d3\" rows=\"2\" placeholder=\"Additional comments\"><\/textarea>\t\t\t\t<\/div>\n\t\t\t\t\t\t\t\t<div class=\"elementor-field-type-recaptcha elementor-field-group elementor-column elementor-field-group-field_cb28dce elementor-col-100\">\n\t\t\t\t\t<div class=\"elementor-field\" id=\"form-field-field_cb28dce\"><div class=\"elementor-g-recaptcha\" data-sitekey=\"6Ldi3LMnAAAAAIYCWtPIxso9sr9IhqfDiEkwthjN\" data-type=\"v2_checkbox\" data-theme=\"light\" data-size=\"normal\"><\/div><\/div>\t\t\t\t<\/div>\n\t\t\t\t\t\t\t\t<div class=\"elementor-field-group elementor-column elementor-field-type-submit elementor-col-100 e-form__buttons\">\n\t\t\t\t\t<button class=\"elementor-button elementor-size-sm\" type=\"submit\">\n\t\t\t\t\t\t<span class=\"elementor-button-content-wrapper\">\n\t\t\t\t\t\t\t\t\t\t\t\t\t\t\t\t\t\t\t\t\t\t<span class=\"elementor-button-text\">Send<\/span>\n\t\t\t\t\t\t\t\t\t\t\t\t\t<\/span>\n\t\t\t\t\t<\/button>\n\t\t\t\t<\/div>\n\t\t\t<\/div>\n\t\t<input type=\"hidden\" name=\"trp-form-language\" value=\"en\"\/><\/form>\n\t\t\t\t\t\t<\/div>\n\t\t\t\t<\/div>\n\t\t\t\t<\/div>\n\t\t\t\t\t<\/div>\n\t\t\t\t<\/div>\n\t\t<div class=\"elementor-element elementor-element-d548b8f e-flex e-con-boxed e-con e-parent\" data-id=\"d548b8f\" data-element_type=\"container\" data-settings=\"{&quot;background_background&quot;:&quot;classic&quot;}\">\n\t\t\t\t\t<div class=\"e-con-inner\">\n\t\t<div class=\"elementor-element elementor-element-b271ccb e-con-full e-flex e-con e-child\" data-id=\"b271ccb\" data-element_type=\"container\">\n\t\t\t\t<div class=\"elementor-element elementor-element-f42f85d elementor-widget-mobile__width-initial elementor-invisible elementor-widget elementor-widget-image\" data-id=\"f42f85d\" data-element_type=\"widget\" data-settings=\"{&quot;_animation&quot;:&quot;fadeInLeft&quot;}\" data-widget_type=\"image.default\">\n\t\t\t\t\t\t\t\t\t\t\t\t\t\t\t<img fetchpriority=\"high\" decoding=\"async\" width=\"550\" height=\"1678\" src=\"https:\/\/globetrotterexcursions.com\/wp-content\/uploads\/2025\/02\/programa.jpg\" class=\"attachment-full size-full wp-image-814\" alt=\"\" srcset=\"https:\/\/globetrotterexcursions.com\/wp-content\/uploads\/2025\/02\/programa.jpg 550w, https:\/\/globetrotterexcursions.com\/wp-content\/uploads\/2025\/02\/programa-98x300.jpg 98w, https:\/\/globetrotterexcursions.com\/wp-content\/uploads\/2025\/02\/programa-336x1024.jpg 336w, https:\/\/globetrotterexcursions.com\/wp-content\/uploads\/2025\/02\/programa-503x1536.jpg 503w, https:\/\/globetrotterexcursions.com\/wp-content\/uploads\/2025\/02\/programa-4x12.jpg 4w\" sizes=\"(max-width: 550px) 100vw, 550px\" \/>\t\t\t\t\t\t\t\t\t\t\t\t\t\t\t<\/div>\n\t\t\t\t<\/div>\n\t\t<div class=\"elementor-element elementor-element-a92ccd1 e-con-full e-flex elementor-invisible e-con e-child\" data-id=\"a92ccd1\" data-element_type=\"container\" data-settings=\"{&quot;animation&quot;:&quot;fadeInUp&quot;}\">\n\t\t\t\t<div class=\"elementor-element elementor-element-12c4aa5 elementor-widget elementor-widget-heading\" data-id=\"12c4aa5\" data-element_type=\"widget\" data-widget_type=\"heading.default\">\n\t\t\t\t\t<h2 class=\"elementor-heading-title elementor-size-default\">Frequently Asked Questions for Resellers<\/h2>\t\t\t\t<\/div>\n\t\t\t\t<div class=\"elementor-element elementor-element-de8368c elementor-widget__width-initial elementor-widget-mobile__width-inherit elementor-widget elementor-widget-text-editor\" data-id=\"de8368c\" data-element_type=\"widget\" data-widget_type=\"text-editor.default\">\n\t\t\t\t\t\t\t\t\t<h4>How much can I earn as an affiliate?<\/h4><p>Commissions range from 10% to 15%, depending on sales volume and product type. High-performing affiliates may qualify for higher commission rates.<\/p><h4>How often are payments made?<\/h4><p>Payments are processed monthly, as long as your accumulated balance exceeds $100 USD.<\/p><h4>Can I promote your services on my social media?<\/h4><p>Absolutely! We will provide you with special tracking links to use in your social media posts.<\/p><h4>Do you offer custom promotional materials?<\/h4><p>Yes, we can create custom materials for high-performing affiliates. Contact us to discuss your specific needs.<\/p><h4>Is there a minimum sales required to remain in the program?<\/h4><p>We do not require a minimum sales amount, but we do periodically review affiliate activity to ensure a mutually beneficial collaboration.<\/p><h4>Can I offer discounts to my customers?<\/h4><p>We occasionally provide exclusive discount codes for affiliates to share with their audience.<\/p><h4>How are sales tracked?<\/h4><p>We use 30-day cookies to track referrals. Any sales made within this period after a customer clicks on your link will be credited to your account.<\/p><h4>Do you offer support for affiliates new to travel marketing?<\/h4><p>Yes, we provide regular educational resources to help our affiliates maximize their earnings.<\/p><p>\u00a0<\/p><p>Join our Affiliate Program today and start earning while sharing the beauty and culture of Guatemala and Central America with the world. If you have any further questions, please feel free to contact our affiliate support team.<\/p>\t\t\t\t\t\t\t\t<\/div>\n\t\t\t\t<\/div>\n\t\t\t\t\t<\/div>\n\t\t\t\t<\/div>\n\t\t\t\t<\/div>","protected":false},"excerpt":{"rendered":"<p>Bienvenido al Programa de Afiliados de Globetrotter Excursions, una oportunidad emocionante para que agentes de viajes, bloggers, influencers y entusiastas del turismo se asocien con nosotros y obtengan beneficios al promocionar nuestros servicios de viaje en Guatemala y Centroam\u00e9rica. \u00bfC\u00f3mo Funciona? Registro: Complete nuestro formulario de registro para afiliados. Aprobaci\u00f3n: Nuestro equipo revisar\u00e1 su solicitud [&hellip;]<\/p>","protected":false},"author":2,"featured_media":0,"parent":0,"menu_order":0,"comment_status":"closed","ping_status":"closed","template":"","meta":{"footnotes":""},"class_list":["post-804","page","type-page","status-publish","hentry"],"_links":{"self":[{"href":"https:\/\/globetrotterexcursions.com\/en\/wp-json\/wp\/v2\/pages\/804","targetHints":{"allow":["GET"]}}],"collection":[{"href":"https:\/\/globetrotterexcursions.com\/en\/wp-json\/wp\/v2\/pages"}],"about":[{"href":"https:\/\/globetrotterexcursions.com\/en\/wp-json\/wp\/v2\/types\/page"}],"author":[{"embeddable":true,"href":"https:\/\/globetrotterexcursions.com\/en\/wp-json\/wp\/v2\/users\/2"}],"replies":[{"embeddable":true,"href":"https:\/\/globetrotterexcursions.com\/en\/wp-json\/wp\/v2\/comments?post=804"}],"version-history":[{"count":34,"href":"https:\/\/globetrotterexcursions.com\/en\/wp-json\/wp\/v2\/pages\/804\/revisions"}],"predecessor-version":[{"id":1190,"href":"https:\/\/globetrotterexcursions.com\/en\/wp-json\/wp\/v2\/pages\/804\/revisions\/1190"}],"wp:attachment":[{"href":"https:\/\/globetrotterexcursions.com\/en\/wp-json\/wp\/v2\/media?parent=804"}],"curies":[{"name":"wp","href":"https:\/\/api.w.org\/{rel}","templated":true}]}}