{"id":364,"date":"2025-02-04T11:34:26","date_gmt":"2025-02-04T17:34:26","guid":{"rendered":"https:\/\/globetrotterexcursions.com\/?page_id=364"},"modified":"2025-02-25T09:46:33","modified_gmt":"2025-02-25T15:46:33","slug":"contacto","status":"publish","type":"page","link":"https:\/\/globetrotterexcursions.com\/en\/contacto\/","title":{"rendered":"Contact"},"content":{"rendered":"<div data-elementor-type=\"wp-page\" data-elementor-id=\"364\" class=\"elementor elementor-364\" data-elementor-post-type=\"page\">\n\t\t\t\t<div class=\"elementor-element elementor-element-15121fd e-flex e-con-boxed e-con e-parent\" data-id=\"15121fd\" data-element_type=\"container\" data-settings=\"{&quot;background_background&quot;:&quot;classic&quot;}\">\n\t\t\t\t\t<div class=\"e-con-inner\">\n\t\t<div class=\"elementor-element elementor-element-fe10d00 e-flex e-con-boxed e-con e-child\" data-id=\"fe10d00\" data-element_type=\"container\">\n\t\t\t\t\t<div class=\"e-con-inner\">\n\t\t\t\t<div class=\"elementor-element elementor-element-8144604 elementor-widget__width-initial animated-fast elementor-invisible elementor-widget elementor-widget-text-editor\" data-id=\"8144604\" data-element_type=\"widget\" data-settings=\"{&quot;_animation&quot;:&quot;fadeInRight&quot;,&quot;_animation_delay&quot;:600}\" data-widget_type=\"text-editor.default\">\n\t\t\t\t\t\t\t\t\t<p>In Globetrotter Excursions, we value direct communication with our customers. We are here to answer all of your questions, fulfil your requests and help you plan the trip of your dreams. Do not hesitate to get in contact with us through any of the following means:<\/p>\t\t\t\t\t\t\t\t<\/div>\n\t\t\t\t\t<\/div>\n\t\t\t\t<\/div>\n\t\t\t\t\t<\/div>\n\t\t\t\t<\/div>\n\t\t<div class=\"elementor-element elementor-element-02eca22 e-flex e-con-boxed e-con e-parent\" data-id=\"02eca22\" data-element_type=\"container\">\n\t\t\t\t\t<div class=\"e-con-inner\">\n\t\t<div class=\"elementor-element elementor-element-4add7af e-con-full e-flex e-con e-child\" data-id=\"4add7af\" data-element_type=\"container\">\n\t\t<div class=\"elementor-element elementor-element-7cc6886 e-con-full e-flex elementor-invisible e-con e-child\" data-id=\"7cc6886\" data-element_type=\"container\" data-settings=\"{&quot;animation&quot;:&quot;fadeInUp&quot;}\">\n\t\t\t\t<div class=\"elementor-element elementor-element-7fcb8a9 elementor-widget elementor-widget-heading\" data-id=\"7fcb8a9\" data-element_type=\"widget\" data-widget_type=\"heading.default\">\n\t\t\t\t\t<h2 class=\"elementor-heading-title elementor-size-default\">Contact form<\/h2>\t\t\t\t<\/div>\n\t\t\t\t<div class=\"elementor-element elementor-element-db4d5d0 elementor-button-align-stretch elementor-widget elementor-widget-form\" data-id=\"db4d5d0\" data-element_type=\"widget\" data-settings=\"{&quot;step_next_label&quot;:&quot;Siguiente&quot;,&quot;step_previous_label&quot;:&quot;Anterior&quot;,&quot;button_width&quot;:&quot;100&quot;,&quot;step_type&quot;:&quot;number_text&quot;,&quot;step_icon_shape&quot;:&quot;circle&quot;}\" data-widget_type=\"form.default\">\n\t\t\t\t\t\t\t<form class=\"elementor-form\" method=\"post\" name=\"Nuevo formulario\" action=\"\">\n\t\t\t<input type=\"hidden\" name=\"post_id\" value=\"364\"\/>\n\t\t\t<input type=\"hidden\" name=\"form_id\" value=\"db4d5d0\"\/>\n\t\t\t<input type=\"hidden\" name=\"referer_title\" value=\"Contacto\" \/>\n\n\t\t\t\t\t\t\t<input type=\"hidden\" name=\"queried_id\" value=\"364\"\/>\n\t\t\t\n\t\t\t<div class=\"elementor-form-fields-wrapper elementor-labels-above\">\n\t\t\t\t\t\t\t\t<div class=\"elementor-field-type-text elementor-field-group elementor-column elementor-field-group-name elementor-col-100\">\n\t\t\t\t\t\t\t\t\t\t\t\t<label for=\"form-field-name\" class=\"elementor-field-label\">\n\t\t\t\t\t\t\t\tName\t\t\t\t\t\t\t<\/label>\n\t\t\t\t\t\t\t\t\t\t\t\t\t\t<input size=\"1\" type=\"text\" name=\"form_fields[name]\" id=\"form-field-name\" class=\"elementor-field elementor-size-sm  elementor-field-textual\" placeholder=\"Name\">\n\t\t\t\t\t\t\t\t\t\t\t<\/div>\n\t\t\t\t\t\t\t\t<div class=\"elementor-field-type-email elementor-field-group elementor-column elementor-field-group-email elementor-col-100 elementor-field-required\">\n\t\t\t\t\t\t\t\t\t\t\t\t<label for=\"form-field-email\" class=\"elementor-field-label\">\n\t\t\t\t\t\t\t\tE-mail\t\t\t\t\t\t\t<\/label>\n\t\t\t\t\t\t\t\t\t\t\t\t\t\t<input size=\"1\" type=\"email\" name=\"form_fields[email]\" id=\"form-field-email\" class=\"elementor-field elementor-size-sm  elementor-field-textual\" placeholder=\"E-mail\" required=\"required\">\n\t\t\t\t\t\t\t\t\t\t\t<\/div>\n\t\t\t\t\t\t\t\t<div class=\"elementor-field-type-text elementor-field-group elementor-column elementor-field-group-field_d926e84 elementor-col-100\">\n\t\t\t\t\t\t\t\t\t\t\t\t<label for=\"form-field-field_d926e84\" class=\"elementor-field-label\">\n\t\t\t\t\t\t\t\tPhone number \t\t\t\t\t\t\t<\/label>\n\t\t\t\t\t\t\t\t\t\t\t\t\t\t<input size=\"1\" type=\"text\" name=\"form_fields[field_d926e84]\" id=\"form-field-field_d926e84\" class=\"elementor-field elementor-size-sm  elementor-field-textual\" placeholder=\"Phone number \">\n\t\t\t\t\t\t\t\t\t\t\t<\/div>\n\t\t\t\t\t\t\t\t<div class=\"elementor-field-type-text elementor-field-group elementor-column elementor-field-group-field_e3a9877 elementor-col-100\">\n\t\t\t\t\t\t\t\t\t\t\t\t<label for=\"form-field-field_e3a9877\" class=\"elementor-field-label\">\n\t\t\t\t\t\t\t\tCountry of residence\t\t\t\t\t\t\t<\/label>\n\t\t\t\t\t\t\t\t\t\t\t\t\t\t<input size=\"1\" type=\"text\" name=\"form_fields[field_e3a9877]\" id=\"form-field-field_e3a9877\" class=\"elementor-field elementor-size-sm  elementor-field-textual\" placeholder=\"Country of residence\">\n\t\t\t\t\t\t\t\t\t\t\t<\/div>\n\t\t\t\t\t\t\t\t<div class=\"elementor-field-type-textarea elementor-field-group elementor-column elementor-field-group-message elementor-col-100\">\n\t\t\t\t\t\t\t\t\t\t\t\t<label for=\"form-field-message\" class=\"elementor-field-label\">\n\t\t\t\t\t\t\t\tMessage\t\t\t\t\t\t\t<\/label>\n\t\t\t\t\t\t<textarea class=\"elementor-field-textual elementor-field  elementor-size-sm\" name=\"form_fields[message]\" id=\"form-field-message\" rows=\"4\" placeholder=\"(Please provide all the relevant details about your inquiry or request)\"><\/textarea>\t\t\t\t<\/div>\n\t\t\t\t\t\t\t\t<div class=\"elementor-field-type-radio elementor-field-group elementor-column elementor-field-group-field_8c55bb6 elementor-col-100\">\n\t\t\t\t\t\t\t\t\t\t\t\t<label for=\"form-field-field_8c55bb6\" class=\"elementor-field-label\">\n\t\t\t\t\t\t\t\tHow do you prefer we contact you?\t\t\t\t\t\t\t<\/label>\n\t\t\t\t\t\t<div class=\"elementor-field-subgroup\"><span class=\"elementor-field-option\"><input type=\"radio\" value=\"Correo electr\u00f3nico\" id=\"form-field-field_8c55bb6-0\" name=\"form_fields[field_8c55bb6]\"> <label for=\"form-field-field_8c55bb6-0\">E-mail<\/label><\/span><span class=\"elementor-field-option\"><input type=\"radio\" value=\"Tel\u00e9fono\" id=\"form-field-field_8c55bb6-1\" name=\"form_fields[field_8c55bb6]\"> <label for=\"form-field-field_8c55bb6-1\">Phone<\/label><\/span><\/div>\t\t\t\t<\/div>\n\t\t\t\t\t\t\t\t<div class=\"elementor-field-type-radio elementor-field-group elementor-column elementor-field-group-field_8875cf2 elementor-col-100\">\n\t\t\t\t\t\t\t\t\t\t\t\t<label for=\"form-field-field_8875cf2\" class=\"elementor-field-label\">\n\t\t\t\t\t\t\t\tDo you want to subscribe our newsletter for deals and new products?\t\t\t\t\t\t\t<\/label>\n\t\t\t\t\t\t<div class=\"elementor-field-subgroup\"><span class=\"elementor-field-option\"><input type=\"radio\" value=\"Si\" id=\"form-field-field_8875cf2-0\" name=\"form_fields[field_8875cf2]\"> <label for=\"form-field-field_8875cf2-0\">Yes<\/label><\/span><span class=\"elementor-field-option\"><input type=\"radio\" value=\"No\" id=\"form-field-field_8875cf2-1\" name=\"form_fields[field_8875cf2]\"> <label for=\"form-field-field_8875cf2-1\">No<\/label><\/span><\/div>\t\t\t\t<\/div>\n\t\t\t\t\t\t\t\t<div class=\"elementor-field-type-recaptcha elementor-field-group elementor-column elementor-field-group-field_83e106c elementor-col-100\">\n\t\t\t\t\t<div class=\"elementor-field\" id=\"form-field-field_83e106c\"><div class=\"elementor-g-recaptcha\" data-sitekey=\"6Ldi3LMnAAAAAIYCWtPIxso9sr9IhqfDiEkwthjN\" data-type=\"v2_checkbox\" data-theme=\"light\" data-size=\"normal\"><\/div><\/div>\t\t\t\t<\/div>\n\t\t\t\t\t\t\t\t<div class=\"elementor-field-group elementor-column elementor-field-type-submit elementor-col-100 e-form__buttons\">\n\t\t\t\t\t<button class=\"elementor-button elementor-size-sm\" type=\"submit\">\n\t\t\t\t\t\t<span class=\"elementor-button-content-wrapper\">\n\t\t\t\t\t\t\t\t\t\t\t\t\t\t\t\t\t\t\t\t\t\t<span class=\"elementor-button-text\">Send<\/span>\n\t\t\t\t\t\t\t\t\t\t\t\t\t<\/span>\n\t\t\t\t\t<\/button>\n\t\t\t\t<\/div>\n\t\t\t<\/div>\n\t\t<input type=\"hidden\" name=\"trp-form-language\" value=\"en\"\/><\/form>\n\t\t\t\t\t\t<\/div>\n\t\t\t\t<\/div>\n\t\t<div class=\"elementor-element elementor-element-c3583e2 e-con-full e-flex e-con e-child\" data-id=\"c3583e2\" data-element_type=\"container\">\n\t\t\t\t<div class=\"elementor-element elementor-element-910057f elementor-widget-tablet__width-initial elementor-invisible elementor-widget elementor-widget-image\" data-id=\"910057f\" data-element_type=\"widget\" data-settings=\"{&quot;_animation&quot;:&quot;bounceInUp&quot;}\" data-widget_type=\"image.default\">\n\t\t\t\t\t\t\t\t\t\t\t\t\t\t\t<img fetchpriority=\"high\" decoding=\"async\" width=\"800\" height=\"683\" src=\"https:\/\/globetrotterexcursions.com\/wp-content\/uploads\/2025\/02\/contactenos.jpg\" class=\"attachment-large size-large wp-image-800\" alt=\"\" srcset=\"https:\/\/globetrotterexcursions.com\/wp-content\/uploads\/2025\/02\/contactenos.jpg 800w, https:\/\/globetrotterexcursions.com\/wp-content\/uploads\/2025\/02\/contactenos-300x256.jpg 300w, https:\/\/globetrotterexcursions.com\/wp-content\/uploads\/2025\/02\/contactenos-768x656.jpg 768w, https:\/\/globetrotterexcursions.com\/wp-content\/uploads\/2025\/02\/contactenos-14x12.jpg 14w, https:\/\/globetrotterexcursions.com\/wp-content\/uploads\/2025\/02\/contactenos-600x512.jpg 600w\" sizes=\"(max-width: 800px) 100vw, 800px\" \/>\t\t\t\t\t\t\t\t\t\t\t\t\t\t\t<\/div>\n\t\t\t\t<div class=\"elementor-element elementor-element-d18e9fa elementor-widget elementor-widget-text-editor\" data-id=\"d18e9fa\" data-element_type=\"widget\" data-widget_type=\"text-editor.default\">\n\t\t\t\t\t\t\t\t\t<p>If you prefer to contact us directly, you can do so through the following means:<\/p><p><strong>E-mail:<\/strong> help@globetrotterexcursions.com<\/p><p>We are committed to providing exceptional customer service. Whether you have questions about our tours, need help with an existing booking or are looking for general information about travel in Guatemala and Central america, our team of experts is here to help you.<\/p><p>Remember that you can also use our <a href=\"https:\/\/globetrotterexcursions.com\/en\/cotizar\/\" target=\"_blank\" rel=\"noopener\">Rater online Travel<\/a> to get a custom proposal quickly and easily.<\/p>\t\t\t\t\t\t\t\t<\/div>\n\t\t\t\t<\/div>\n\t\t\t\t<\/div>\n\t\t\t\t\t<\/div>\n\t\t\t\t<\/div>\n\t\t\t\t<\/div>","protected":false},"excerpt":{"rendered":"<p>En Globetrotter Excursions, valoramos la comunicaci\u00f3n directa con nuestros clientes. Estamos aqu\u00ed para responder a todas sus preguntas, atender sus solicitudes y ayudarle a planificar el viaje de sus sue\u00f1os. No dude en ponerse en contacto con nosotros a trav\u00e9s de cualquiera de los siguientes medios: Formulario de Contacto Si prefiere contactarnos directamente, puede hacerlo [&hellip;]<\/p>","protected":false},"author":2,"featured_media":0,"parent":0,"menu_order":0,"comment_status":"closed","ping_status":"closed","template":"","meta":{"footnotes":""},"class_list":["post-364","page","type-page","status-publish","hentry"],"_links":{"self":[{"href":"https:\/\/globetrotterexcursions.com\/en\/wp-json\/wp\/v2\/pages\/364","targetHints":{"allow":["GET"]}}],"collection":[{"href":"https:\/\/globetrotterexcursions.com\/en\/wp-json\/wp\/v2\/pages"}],"about":[{"href":"https:\/\/globetrotterexcursions.com\/en\/wp-json\/wp\/v2\/types\/page"}],"author":[{"embeddable":true,"href":"https:\/\/globetrotterexcursions.com\/en\/wp-json\/wp\/v2\/users\/2"}],"replies":[{"embeddable":true,"href":"https:\/\/globetrotterexcursions.com\/en\/wp-json\/wp\/v2\/comments?post=364"}],"version-history":[{"count":34,"href":"https:\/\/globetrotterexcursions.com\/en\/wp-json\/wp\/v2\/pages\/364\/revisions"}],"predecessor-version":[{"id":1197,"href":"https:\/\/globetrotterexcursions.com\/en\/wp-json\/wp\/v2\/pages\/364\/revisions\/1197"}],"wp:attachment":[{"href":"https:\/\/globetrotterexcursions.com\/en\/wp-json\/wp\/v2\/media?parent=364"}],"curies":[{"name":"wp","href":"https:\/\/api.w.org\/{rel}","templated":true}]}}