{"id":362,"date":"2025-02-04T11:33:51","date_gmt":"2025-02-04T17:33:51","guid":{"rendered":"https:\/\/globetrotterexcursions.com\/?page_id=362"},"modified":"2025-02-19T11:46:53","modified_gmt":"2025-02-19T17:46:53","slug":"preguntas-frecuentes","status":"publish","type":"page","link":"https:\/\/globetrotterexcursions.com\/en\/preguntas-frecuentes\/","title":{"rendered":"Frequently Asked Questions"},"content":{"rendered":"<div data-elementor-type=\"wp-page\" data-elementor-id=\"362\" class=\"elementor elementor-362\" data-elementor-post-type=\"page\">\n\t\t\t\t<div class=\"elementor-element elementor-element-ca7cd4c e-flex e-con-boxed e-con e-parent\" data-id=\"ca7cd4c\" data-element_type=\"container\" data-settings=\"{&quot;background_background&quot;:&quot;classic&quot;}\">\n\t\t\t\t\t<div class=\"e-con-inner\">\n\t\t<div class=\"elementor-element elementor-element-707ea5e e-flex e-con-boxed e-con e-child\" data-id=\"707ea5e\" data-element_type=\"container\">\n\t\t\t\t\t<div class=\"e-con-inner\">\n\t\t\t\t<div class=\"elementor-element elementor-element-37f2f9a elementor-widget__width-initial animated-fast elementor-invisible elementor-widget elementor-widget-text-editor\" data-id=\"37f2f9a\" data-element_type=\"widget\" data-settings=\"{&quot;_animation&quot;:&quot;fadeInRight&quot;,&quot;_animation_delay&quot;:600}\" data-widget_type=\"text-editor.default\">\n\t\t\t\t\t\t\t\t\t<p>Welcome to the section of frequently Asked Questions for Globetrotter Excursions. Here you will find answers to the most common queries about our services, destinations, and policies. If you do not find the information you are seeking, please do not hesitate to contact us directly.<\/p>\t\t\t\t\t\t\t\t<\/div>\n\t\t\t\t\t<\/div>\n\t\t\t\t<\/div>\n\t\t\t\t\t<\/div>\n\t\t\t\t<\/div>\n\t\t<div class=\"elementor-element elementor-element-d0a450c e-flex e-con-boxed e-con e-parent\" data-id=\"d0a450c\" data-element_type=\"container\">\n\t\t\t\t\t<div class=\"e-con-inner\">\n\t\t<div class=\"elementor-element elementor-element-8639822 e-con-full e-flex e-con e-child\" data-id=\"8639822\" data-element_type=\"container\">\n\t\t<div class=\"elementor-element elementor-element-85e47c8 e-con-full e-flex elementor-invisible e-con e-child\" data-id=\"85e47c8\" data-element_type=\"container\" data-settings=\"{&quot;animation&quot;:&quot;fadeInUp&quot;,&quot;sticky&quot;:&quot;top&quot;,&quot;sticky_on&quot;:[&quot;desktop&quot;],&quot;sticky_offset&quot;:40,&quot;sticky_parent&quot;:&quot;yes&quot;,&quot;sticky_effects_offset&quot;:0,&quot;sticky_anchor_link_offset&quot;:0}\">\n\t\t\t\t<div class=\"elementor-element elementor-element-40336e8 elementor-widget elementor-widget-heading\" data-id=\"40336e8\" data-element_type=\"widget\" data-widget_type=\"heading.default\">\n\t\t\t\t\t<h2 class=\"elementor-heading-title elementor-size-default\">Reservations and Payments<\/h2>\t\t\t\t<\/div>\n\t\t\t\t<\/div>\n\t\t<div class=\"elementor-element elementor-element-5ab1b82 e-con-full e-flex e-con e-child\" data-id=\"5ab1b82\" data-element_type=\"container\">\n\t\t\t\t<div class=\"elementor-element elementor-element-817c1a8 elementor-widget elementor-widget-text-editor\" data-id=\"817c1a8\" data-element_type=\"widget\" data-widget_type=\"text-editor.default\">\n\t\t\t\t\t\t\t\t\t<p><strong>How can I make a reservation?<\/strong><br \/>\u00a0You can make your reservation through our web site or by calling our customer care center. We recommend you to use our Rater online Travel to get a custom proposal.<\/p><p>\u00a0<\/p><p><strong>What methods of payment do you accept?<\/strong><br \/>We accept credit cards (Visa, MasterCard, American Express), bank wire transfers and PayPal.<\/p><p>\u00a0<\/p><p><strong>What is your deposit policy?<\/strong><br \/>Generally, we require a deposit of 30% of the total cost of the trip to confirm your booking. The remaining balance must be paid 30 days before the start date of the trip.<\/p>\t\t\t\t\t\t\t\t<\/div>\n\t\t\t\t<\/div>\n\t\t\t\t<\/div>\n\t\t\t\t\t<\/div>\n\t\t\t\t<\/div>\n\t\t<div class=\"elementor-element elementor-element-3064ac7 e-flex e-con-boxed e-con e-parent\" data-id=\"3064ac7\" data-element_type=\"container\" data-settings=\"{&quot;background_background&quot;:&quot;classic&quot;}\">\n\t\t\t\t\t<div class=\"e-con-inner\">\n\t\t<div class=\"elementor-element elementor-element-d95dcec e-con-full e-flex e-con e-child\" data-id=\"d95dcec\" data-element_type=\"container\">\n\t\t<div class=\"elementor-element elementor-element-e4b59c1 e-con-full e-flex elementor-invisible e-con e-child\" data-id=\"e4b59c1\" data-element_type=\"container\" data-settings=\"{&quot;animation&quot;:&quot;fadeInUp&quot;,&quot;sticky&quot;:&quot;top&quot;,&quot;sticky_on&quot;:[&quot;desktop&quot;],&quot;sticky_offset&quot;:40,&quot;sticky_parent&quot;:&quot;yes&quot;,&quot;sticky_effects_offset&quot;:0,&quot;sticky_anchor_link_offset&quot;:0}\">\n\t\t\t\t<div class=\"elementor-element elementor-element-39e36a0 elementor-widget elementor-widget-heading\" data-id=\"39e36a0\" data-element_type=\"widget\" data-widget_type=\"heading.default\">\n\t\t\t\t\t<h2 class=\"elementor-heading-title elementor-size-default\">Policies Cancellation and Changes<\/h2>\t\t\t\t<\/div>\n\t\t\t\t<\/div>\n\t\t<div class=\"elementor-element elementor-element-ef06346 e-con-full e-flex e-con e-child\" data-id=\"ef06346\" data-element_type=\"container\">\n\t\t\t\t<div class=\"elementor-element elementor-element-df21701 elementor-widget elementor-widget-text-editor\" data-id=\"df21701\" data-element_type=\"widget\" data-widget_type=\"text-editor.default\">\n\t\t\t\t\t\t\t\t\t<p><strong>What is your cancellation policy?<\/strong><br \/>Our cancellation policy varies according to the type of tour and the anticipation with the cancellation. In general, the cancellations made more than 30 days in advance receive a full refund, less administrative expenses. For cancellations between 15-30 days prior to the trip, we apply a 50% penalty. Cancellations with less than 15 days in advance are non-refundable.<br \/>To see the most up to date information please review our Cancellation and Refund Policy on our web site.<\/p><p>\u00a0<\/p><p><strong>Can I modify my booking?<\/strong><br \/>Yes, you can make changes to your reservation are subject to availability. Changes requested less than 15 days in advance may incur additional charges.<\/p>\t\t\t\t\t\t\t\t<\/div>\n\t\t\t\t<\/div>\n\t\t\t\t<\/div>\n\t\t\t\t\t<\/div>\n\t\t\t\t<\/div>\n\t\t<div class=\"elementor-element elementor-element-7492e6b e-flex e-con-boxed e-con e-parent\" data-id=\"7492e6b\" data-element_type=\"container\">\n\t\t\t\t\t<div class=\"e-con-inner\">\n\t\t<div class=\"elementor-element elementor-element-e83da25 e-con-full e-flex e-con e-child\" data-id=\"e83da25\" data-element_type=\"container\">\n\t\t<div class=\"elementor-element elementor-element-53e9a59 e-con-full e-flex elementor-invisible e-con e-child\" data-id=\"53e9a59\" data-element_type=\"container\" data-settings=\"{&quot;animation&quot;:&quot;fadeInUp&quot;,&quot;sticky&quot;:&quot;top&quot;,&quot;sticky_on&quot;:[&quot;desktop&quot;],&quot;sticky_offset&quot;:40,&quot;sticky_parent&quot;:&quot;yes&quot;,&quot;sticky_effects_offset&quot;:0,&quot;sticky_anchor_link_offset&quot;:0}\">\n\t\t\t\t<div class=\"elementor-element elementor-element-2337473 elementor-widget elementor-widget-heading\" data-id=\"2337473\" data-element_type=\"widget\" data-widget_type=\"heading.default\">\n\t\t\t\t\t<h2 class=\"elementor-heading-title elementor-size-default\">Travel and Destinations<\/h2>\t\t\t\t<\/div>\n\t\t\t\t<\/div>\n\t\t<div class=\"elementor-element elementor-element-7734320 e-con-full e-flex e-con e-child\" data-id=\"7734320\" data-element_type=\"container\">\n\t\t\t\t<div class=\"elementor-element elementor-element-4cf7a43 elementor-widget elementor-widget-text-editor\" data-id=\"4cf7a43\" data-element_type=\"widget\" data-widget_type=\"text-editor.default\">\n\t\t\t\t\t\t\t\t\t<p><strong>What destinations do you offer?<\/strong><br \/>We specialize in Guatemala and Central america, including destinations such as Antigua Guatemala, Lake Atitlan, Tikal, and other sites in neighbouring countries such as Belize, Honduras and El Salvador. We also have packages international tour in America, Europe and Asia.<\/p><p>\u00a0<\/p><p><strong>Do you offer private tours?<\/strong><br \/>Yes, we offer both tours group as private. Private tours can be fully customized according to your preferences.<\/p><p>\u00a0<\/p><p><strong>What is the size of the groups on tours?<\/strong><br \/>Our tours group generally have a maximum of 16 participants to ensure a more personalized experience.<\/p>\t\t\t\t\t\t\t\t<\/div>\n\t\t\t\t<\/div>\n\t\t\t\t<\/div>\n\t\t\t\t\t<\/div>\n\t\t\t\t<\/div>\n\t\t<div class=\"elementor-element elementor-element-47eb1f2 e-flex e-con-boxed e-con e-parent\" data-id=\"47eb1f2\" data-element_type=\"container\" data-settings=\"{&quot;background_background&quot;:&quot;classic&quot;}\">\n\t\t\t\t\t<div class=\"e-con-inner\">\n\t\t<div class=\"elementor-element elementor-element-a880945 e-con-full e-flex e-con e-child\" data-id=\"a880945\" data-element_type=\"container\">\n\t\t<div class=\"elementor-element elementor-element-ee68e00 e-con-full e-flex elementor-invisible e-con e-child\" data-id=\"ee68e00\" data-element_type=\"container\" data-settings=\"{&quot;animation&quot;:&quot;fadeInUp&quot;,&quot;sticky&quot;:&quot;top&quot;,&quot;sticky_on&quot;:[&quot;desktop&quot;],&quot;sticky_offset&quot;:40,&quot;sticky_parent&quot;:&quot;yes&quot;,&quot;sticky_effects_offset&quot;:0,&quot;sticky_anchor_link_offset&quot;:0}\">\n\t\t\t\t<div class=\"elementor-element elementor-element-24c542c elementor-widget elementor-widget-heading\" data-id=\"24c542c\" data-element_type=\"widget\" data-widget_type=\"heading.default\">\n\t\t\t\t\t<h2 class=\"elementor-heading-title elementor-size-default\">Travel requirements<\/h2>\t\t\t\t<\/div>\n\t\t\t\t<\/div>\n\t\t<div class=\"elementor-element elementor-element-85ac009 e-con-full e-flex e-con e-child\" data-id=\"85ac009\" data-element_type=\"container\">\n\t\t\t\t<div class=\"elementor-element elementor-element-50a7b3e elementor-widget elementor-widget-text-editor\" data-id=\"50a7b3e\" data-element_type=\"widget\" data-widget_type=\"text-editor.default\">\n\t\t\t\t\t\t\t\t\t<p><strong>Do I need a visa to visit Guatemala?<\/strong><br \/>Visa requirements vary depending on your nationality. Many countries do not require a visa for touristic stays short in Guatemala. We recommend you check with the embassy or consulate of guatemala in your country.<\/p><p>\u00a0<\/p><p><strong>What vaccines are recommended?<\/strong><br \/>Although no vaccinations are required to enter Guatemala, we recommend vaccination against hepatitis A and B, and typhoid fever. Check with your doctor or a center travel medicine for personalized recommendations.<\/p>\t\t\t\t\t\t\t\t<\/div>\n\t\t\t\t<\/div>\n\t\t\t\t<\/div>\n\t\t\t\t\t<\/div>\n\t\t\t\t<\/div>\n\t\t<div class=\"elementor-element elementor-element-a4ca560 e-flex e-con-boxed e-con e-parent\" data-id=\"a4ca560\" data-element_type=\"container\">\n\t\t\t\t\t<div class=\"e-con-inner\">\n\t\t<div class=\"elementor-element elementor-element-1f0ae8c e-con-full e-flex e-con e-child\" data-id=\"1f0ae8c\" data-element_type=\"container\">\n\t\t<div class=\"elementor-element elementor-element-cccbd6e e-con-full e-flex elementor-invisible e-con e-child\" data-id=\"cccbd6e\" data-element_type=\"container\" data-settings=\"{&quot;animation&quot;:&quot;fadeInUp&quot;,&quot;sticky&quot;:&quot;top&quot;,&quot;sticky_on&quot;:[&quot;desktop&quot;],&quot;sticky_offset&quot;:40,&quot;sticky_parent&quot;:&quot;yes&quot;,&quot;sticky_effects_offset&quot;:0,&quot;sticky_anchor_link_offset&quot;:0}\">\n\t\t\t\t<div class=\"elementor-element elementor-element-5a34e11 elementor-widget elementor-widget-heading\" data-id=\"5a34e11\" data-element_type=\"widget\" data-widget_type=\"heading.default\">\n\t\t\t\t\t<h2 class=\"elementor-heading-title elementor-size-default\">Accommodation and Transport<\/h2>\t\t\t\t<\/div>\n\t\t\t\t<\/div>\n\t\t<div class=\"elementor-element elementor-element-c66986a e-con-full e-flex e-con e-child\" data-id=\"c66986a\" data-element_type=\"container\">\n\t\t\t\t<div class=\"elementor-element elementor-element-f5093ed elementor-widget elementor-widget-text-editor\" data-id=\"f5093ed\" data-element_type=\"widget\" data-widget_type=\"text-editor.default\">\n\t\t\t\t\t\t\t\t\t<p><strong>What type of accommodation do you offer?<\/strong><br \/>We offer a wide range of options, from luxury hotels and boutique to eco-lodges and accommodation in local communities, depending on the destination and your preferences.<\/p><p>\u00a0<\/p><p><strong>How is the transport during the tours?<\/strong><br \/>We use modern vehicles with air conditioning for ground transportation. For some destinations, are also included internal flights or boat transportation.<\/p>\t\t\t\t\t\t\t\t<\/div>\n\t\t\t\t<\/div>\n\t\t\t\t<\/div>\n\t\t\t\t\t<\/div>\n\t\t\t\t<\/div>\n\t\t<div class=\"elementor-element elementor-element-40128e6 e-flex e-con-boxed e-con e-parent\" data-id=\"40128e6\" data-element_type=\"container\" data-settings=\"{&quot;background_background&quot;:&quot;classic&quot;}\">\n\t\t\t\t\t<div class=\"e-con-inner\">\n\t\t<div class=\"elementor-element elementor-element-fce7a5d e-con-full e-flex e-con e-child\" data-id=\"fce7a5d\" data-element_type=\"container\">\n\t\t<div class=\"elementor-element elementor-element-08d72f6 e-con-full e-flex elementor-invisible e-con e-child\" data-id=\"08d72f6\" data-element_type=\"container\" data-settings=\"{&quot;animation&quot;:&quot;fadeInUp&quot;,&quot;sticky&quot;:&quot;top&quot;,&quot;sticky_on&quot;:[&quot;desktop&quot;],&quot;sticky_offset&quot;:40,&quot;sticky_parent&quot;:&quot;yes&quot;,&quot;sticky_effects_offset&quot;:0,&quot;sticky_anchor_link_offset&quot;:0}\">\n\t\t\t\t<div class=\"elementor-element elementor-element-a62316a elementor-widget elementor-widget-heading\" data-id=\"a62316a\" data-element_type=\"widget\" data-widget_type=\"heading.default\">\n\t\t\t\t\t<h2 class=\"elementor-heading-title elementor-size-default\">Health and safety<\/h2>\t\t\t\t<\/div>\n\t\t\t\t<\/div>\n\t\t<div class=\"elementor-element elementor-element-3b10572 e-con-full e-flex e-con e-child\" data-id=\"3b10572\" data-element_type=\"container\">\n\t\t\t\t<div class=\"elementor-element elementor-element-addb5c6 elementor-widget elementor-widget-text-editor\" data-id=\"addb5c6\" data-element_type=\"widget\" data-widget_type=\"text-editor.default\">\n\t\t\t\t\t\t\t\t\t<p><strong>Is it safe to travel to Guatemala?<\/strong><br \/>Guatemala is generally safe for tourists, especially in the main tourist areas. However, as in any destination, we recommend taking basic precautions and follow the advice of your guide.<\/p><p>\u00a0<\/p><p><strong>Do you offer travel insurance?<\/strong><br \/>Although we did not include travel insurance on our packages, we highly recommend that you purchase one. We are able to suggest options for travel insurance to be reliable.<\/p>\t\t\t\t\t\t\t\t<\/div>\n\t\t\t\t<\/div>\n\t\t\t\t<\/div>\n\t\t\t\t\t<\/div>\n\t\t\t\t<\/div>\n\t\t<div class=\"elementor-element elementor-element-8a74de8 e-flex e-con-boxed e-con e-parent\" data-id=\"8a74de8\" data-element_type=\"container\">\n\t\t\t\t\t<div class=\"e-con-inner\">\n\t\t<div class=\"elementor-element elementor-element-ffb4d84 e-con-full e-flex e-con e-child\" data-id=\"ffb4d84\" data-element_type=\"container\">\n\t\t<div class=\"elementor-element elementor-element-339fe08 e-con-full e-flex elementor-invisible e-con e-child\" data-id=\"339fe08\" data-element_type=\"container\" data-settings=\"{&quot;animation&quot;:&quot;fadeInUp&quot;,&quot;sticky&quot;:&quot;top&quot;,&quot;sticky_on&quot;:[&quot;desktop&quot;],&quot;sticky_offset&quot;:40,&quot;sticky_parent&quot;:&quot;yes&quot;,&quot;sticky_effects_offset&quot;:0,&quot;sticky_anchor_link_offset&quot;:0}\">\n\t\t\t\t<div class=\"elementor-element elementor-element-23f9a5d elementor-widget elementor-widget-heading\" data-id=\"23f9a5d\" data-element_type=\"widget\" data-widget_type=\"heading.default\">\n\t\t\t\t\t<h2 class=\"elementor-heading-title elementor-size-default\">Sustainability and Social Responsibility<\/h2>\t\t\t\t<\/div>\n\t\t\t\t<\/div>\n\t\t<div class=\"elementor-element elementor-element-2ad1847 e-con-full e-flex e-con e-child\" data-id=\"2ad1847\" data-element_type=\"container\">\n\t\t\t\t<div class=\"elementor-element elementor-element-5562aab elementor-widget elementor-widget-text-editor\" data-id=\"5562aab\" data-element_type=\"widget\" data-widget_type=\"text-editor.default\">\n\t\t\t\t\t\t\t\t\t<p><strong>How to contribute to the sustainable tourism?<\/strong><br \/>We are committed to sustainable tourism practices, working with local communities, promoting environmental conservation and supporting local development projects. You can find more information in our section on Sustainability.<\/p>\t\t\t\t\t\t\t\t<\/div>\n\t\t\t\t<\/div>\n\t\t\t\t<\/div>\n\t\t\t\t\t<\/div>\n\t\t\t\t<\/div>\n\t\t<div class=\"elementor-element elementor-element-4a4f556 e-flex e-con-boxed e-con e-parent\" data-id=\"4a4f556\" data-element_type=\"container\" data-settings=\"{&quot;background_background&quot;:&quot;classic&quot;}\">\n\t\t\t\t\t<div class=\"e-con-inner\">\n\t\t<div class=\"elementor-element elementor-element-07806e8 e-con-full e-flex e-con e-child\" data-id=\"07806e8\" data-element_type=\"container\">\n\t\t<div class=\"elementor-element elementor-element-3d1c9ce e-con-full e-flex elementor-invisible e-con e-child\" data-id=\"3d1c9ce\" data-element_type=\"container\" data-settings=\"{&quot;animation&quot;:&quot;fadeInUp&quot;,&quot;sticky&quot;:&quot;top&quot;,&quot;sticky_on&quot;:[&quot;desktop&quot;],&quot;sticky_offset&quot;:40,&quot;sticky_parent&quot;:&quot;yes&quot;,&quot;sticky_effects_offset&quot;:0,&quot;sticky_anchor_link_offset&quot;:0}\">\n\t\t\t\t<div class=\"elementor-element elementor-element-e90093a elementor-widget elementor-widget-heading\" data-id=\"e90093a\" data-element_type=\"widget\" data-widget_type=\"heading.default\">\n\t\t\t\t\t<h2 class=\"elementor-heading-title elementor-size-default\">Additional Services<\/h2>\t\t\t\t<\/div>\n\t\t\t\t<\/div>\n\t\t<div class=\"elementor-element elementor-element-bad896d e-con-full e-flex e-con e-child\" data-id=\"bad896d\" data-element_type=\"container\">\n\t\t\t\t<div class=\"elementor-element elementor-element-f4579f4 elementor-widget elementor-widget-text-editor\" data-id=\"f4579f4\" data-element_type=\"widget\" data-widget_type=\"text-editor.default\">\n\t\t\t\t\t\t\t\t\t<p><strong>Do you offer assistance to book international flights?<\/strong><br \/>Yes, we can help you find and book the international flights that suit your itinerary.<\/p><p>\u00a0<\/p><p><strong>Can you accommodate special diets or dietary restrictions?<\/strong><br \/>Yes, we can accommodate most special dietary needs. Please inform us of their requirements at the time of booking.<\/p>\t\t\t\t\t\t\t\t<\/div>\n\t\t\t\t<\/div>\n\t\t\t\t<\/div>\n\t\t\t\t\t<\/div>\n\t\t\t\t<\/div>\n\t\t\t\t<\/div>","protected":false},"excerpt":{"rendered":"<p>Bienvenido a la secci\u00f3n de Preguntas Frecuentes de Globetrotter Excursions. Aqu\u00ed encontrar\u00e1 respuestas a las consultas m\u00e1s comunes sobre nuestros servicios, destinos y pol\u00edticas. Si no encuentra la informaci\u00f3n que busca, no dude en contactarnos directamente. Reservas y Pagos \u00bfC\u00f3mo puedo hacer una reserva?\u00a0Puede realizar su reserva a trav\u00e9s de nuestro sitio web o llamando [&hellip;]<\/p>","protected":false},"author":2,"featured_media":0,"parent":0,"menu_order":0,"comment_status":"closed","ping_status":"closed","template":"elementor_header_footer","meta":{"footnotes":""},"class_list":["post-362","page","type-page","status-publish","hentry"],"_links":{"self":[{"href":"https:\/\/globetrotterexcursions.com\/en\/wp-json\/wp\/v2\/pages\/362","targetHints":{"allow":["GET"]}}],"collection":[{"href":"https:\/\/globetrotterexcursions.com\/en\/wp-json\/wp\/v2\/pages"}],"about":[{"href":"https:\/\/globetrotterexcursions.com\/en\/wp-json\/wp\/v2\/types\/page"}],"author":[{"embeddable":true,"href":"https:\/\/globetrotterexcursions.com\/en\/wp-json\/wp\/v2\/users\/2"}],"replies":[{"embeddable":true,"href":"https:\/\/globetrotterexcursions.com\/en\/wp-json\/wp\/v2\/comments?post=362"}],"version-history":[{"count":37,"href":"https:\/\/globetrotterexcursions.com\/en\/wp-json\/wp\/v2\/pages\/362\/revisions"}],"predecessor-version":[{"id":1169,"href":"https:\/\/globetrotterexcursions.com\/en\/wp-json\/wp\/v2\/pages\/362\/revisions\/1169"}],"wp:attachment":[{"href":"https:\/\/globetrotterexcursions.com\/en\/wp-json\/wp\/v2\/media?parent=362"}],"curies":[{"name":"wp","href":"https:\/\/api.w.org\/{rel}","templated":true}]}}