{"id":358,"date":"2025-02-04T11:32:55","date_gmt":"2025-02-04T17:32:55","guid":{"rendered":"https:\/\/globetrotterexcursions.com\/?page_id=358"},"modified":"2025-02-10T17:26:19","modified_gmt":"2025-02-10T23:26:19","slug":"viajes-corporativos","status":"publish","type":"page","link":"https:\/\/globetrotterexcursions.com\/en\/viajes-corporativos\/","title":{"rendered":"Corporate Travel"},"content":{"rendered":"<div data-elementor-type=\"wp-page\" data-elementor-id=\"358\" class=\"elementor elementor-358\" data-elementor-post-type=\"page\">\n\t\t\t\t<div class=\"elementor-element elementor-element-c373452 e-flex e-con-boxed e-con e-parent\" data-id=\"c373452\" data-element_type=\"container\" data-settings=\"{&quot;background_background&quot;:&quot;classic&quot;}\">\n\t\t\t\t\t<div class=\"e-con-inner\">\n\t\t<div class=\"elementor-element elementor-element-2e517dc e-flex e-con-boxed e-con e-child\" data-id=\"2e517dc\" data-element_type=\"container\">\n\t\t\t\t\t<div class=\"e-con-inner\">\n\t\t\t\t<div class=\"elementor-element elementor-element-5463354 elementor-widget__width-initial animated-fast elementor-invisible elementor-widget elementor-widget-text-editor\" data-id=\"5463354\" data-element_type=\"widget\" data-settings=\"{&quot;_animation&quot;:&quot;fadeInRight&quot;,&quot;_animation_delay&quot;:600}\" data-widget_type=\"text-editor.default\">\n\t\t\t\t\t\t\t\t\t<p>In Globetrotter Excursions, we understand that corporate travel require a specialized approach and a meticulous attention to detail. Our team of experts is dedicated to providing travel solutions custom tailored to the specific needs of your company, ensuring efficiency, comfort and value in every aspect of your business trip.<\/p>\t\t\t\t\t\t\t\t<\/div>\n\t\t\t\t\t<\/div>\n\t\t\t\t<\/div>\n\t\t\t\t\t<\/div>\n\t\t\t\t<\/div>\n\t\t<div class=\"elementor-element elementor-element-d2a7003 e-flex e-con-boxed e-con e-parent\" data-id=\"d2a7003\" data-element_type=\"container\">\n\t\t\t\t\t<div class=\"e-con-inner\">\n\t\t<div class=\"elementor-element elementor-element-7200885 e-con-full e-flex e-con e-child\" data-id=\"7200885\" data-element_type=\"container\">\n\t\t<div class=\"elementor-element elementor-element-be1a1be e-con-full e-flex e-con e-child\" data-id=\"be1a1be\" data-element_type=\"container\">\n\t\t<div class=\"elementor-element elementor-element-50092a7 e-con-full e-flex elementor-invisible e-con e-child\" data-id=\"50092a7\" data-element_type=\"container\" data-settings=\"{&quot;animation&quot;:&quot;fadeInUp&quot;}\">\n\t\t\t\t<div class=\"elementor-element elementor-element-1ff7d3e elementor-widget elementor-widget-heading\" data-id=\"1ff7d3e\" data-element_type=\"widget\" data-widget_type=\"heading.default\">\n\t\t\t\t\t<h2 class=\"elementor-heading-title elementor-size-default\">Management of Business Trips<\/h2>\t\t\t\t<\/div>\n\t\t\t\t<div class=\"elementor-element elementor-element-41fa762 elementor-widget elementor-widget-text-editor\" data-id=\"41fa762\" data-element_type=\"widget\" data-widget_type=\"text-editor.default\">\n\t\t\t\t\t\t\t\t\t<p>Our full-service travel management for business is designed to optimize your travel costs and improve the productivity of their employees. We offer:<\/p>\t\t\t\t\t\t\t\t<\/div>\n\t\t\t\t<div class=\"elementor-element elementor-element-589cee2 elementor-widget__width-initial elementor-widget elementor-widget-text-editor\" data-id=\"589cee2\" data-element_type=\"widget\" data-widget_type=\"text-editor.default\">\n\t\t\t\t\t\t\t\t\t<p><strong>Corporate Reserves:<\/strong><\/p><ul><li>Access to special rates on flights, hotels and ground transport services.<\/li><li>Online booking system easy to use, adapted to its policies of corporate travel.<\/li><li>Assistance 24\/7 for last-minute changes and emergency management.<\/li><\/ul><p>\u00a0<\/p><p><strong>Expense management:<\/strong><\/p><ul><li>Detailed reports of travel expenses for a better budgetary control.<\/li><li>Integration with your accounting systems and management expenses.<\/li><li>Advice on travel policies to optimize costs.<\/li><\/ul><p>\u00a0<\/p><p><strong>VIP services:<\/strong><\/p><ul><li>Check-in priority and access to VIP lounges at airports.<\/li><li>Transportation services executive.<\/li><li>Personalized assistance throughout the trip.<\/li><\/ul><p>\u00a0<\/p><p><strong>Health and safety:<\/strong><\/p><ul><li>Updated information on travel requirements and health situation in destinations.<\/li><li>Real-time tracking of travellers for risk management.<\/li><li>Travel insurance coverage corporate.<\/li><\/ul>\t\t\t\t\t\t\t\t<\/div>\n\t\t\t\t<\/div>\n\t\t<div class=\"elementor-element elementor-element-d078fd2 e-con-full e-flex e-con e-child\" data-id=\"d078fd2\" data-element_type=\"container\">\n\t\t\t\t<div class=\"elementor-element elementor-element-1d5fcf5 elementor-widget-tablet__width-initial elementor-invisible elementor-widget elementor-widget-image\" data-id=\"1d5fcf5\" data-element_type=\"widget\" data-settings=\"{&quot;_animation&quot;:&quot;fadeInRight&quot;}\" data-widget_type=\"image.default\">\n\t\t\t\t\t\t\t\t\t\t\t\t\t\t\t<img fetchpriority=\"high\" decoding=\"async\" width=\"500\" height=\"907\" src=\"https:\/\/globetrotterexcursions.com\/wp-content\/uploads\/2025\/02\/corporativo1.jpg\" class=\"attachment-large size-large wp-image-691\" alt=\"\" srcset=\"https:\/\/globetrotterexcursions.com\/wp-content\/uploads\/2025\/02\/corporativo1.jpg 500w, https:\/\/globetrotterexcursions.com\/wp-content\/uploads\/2025\/02\/corporativo1-165x300.jpg 165w, https:\/\/globetrotterexcursions.com\/wp-content\/uploads\/2025\/02\/corporativo1-7x12.jpg 7w\" sizes=\"(max-width: 500px) 100vw, 500px\" \/>\t\t\t\t\t\t\t\t\t\t\t\t\t\t\t<\/div>\n\t\t\t\t<\/div>\n\t\t\t\t<\/div>\n\t\t\t\t<\/div>\n\t\t\t\t\t<\/div>\n\t\t\t\t<\/div>\n\t\t<div class=\"elementor-element elementor-element-9731426 e-flex e-con-boxed e-con e-parent\" data-id=\"9731426\" data-element_type=\"container\" data-settings=\"{&quot;background_background&quot;:&quot;classic&quot;}\">\n\t\t\t\t\t<div class=\"e-con-inner\">\n\t\t\t\t<div class=\"elementor-element elementor-element-9b2974a animated-fast elementor-invisible elementor-widget elementor-widget-heading\" data-id=\"9b2974a\" data-element_type=\"widget\" data-settings=\"{&quot;_animation&quot;:&quot;fadeInUp&quot;}\" data-widget_type=\"heading.default\">\n\t\t\t\t\t<h2 class=\"elementor-heading-title elementor-size-default\">Organization of Corporate Events<\/h2>\t\t\t\t<\/div>\n\t\t\t\t<div class=\"elementor-element elementor-element-b69416e animated-fast elementor-invisible elementor-widget elementor-widget-text-editor\" data-id=\"b69416e\" data-element_type=\"widget\" data-settings=\"{&quot;_animation&quot;:&quot;fadeInUp&quot;}\" data-widget_type=\"text-editor.default\">\n\t\t\t\t\t\t\t\t\t<p>Transform your corporate events into memorable experiences with our event management service. Whether an international conference, a team retreat or a product launch, we take care of every detail to ensure the success of your event.<\/p>\t\t\t\t\t\t\t\t<\/div>\n\t\t<div class=\"elementor-element elementor-element-841efc3 e-con-full e-flex e-con e-child\" data-id=\"841efc3\" data-element_type=\"container\">\n\t\t<div class=\"elementor-element elementor-element-cbb9740 e-con-full e-flex e-con e-child\" data-id=\"cbb9740\" data-element_type=\"container\">\n\t\t\t\t<div class=\"elementor-element elementor-element-3a43b4c elementor-widget-tablet__width-initial elementor-invisible elementor-widget elementor-widget-image\" data-id=\"3a43b4c\" data-element_type=\"widget\" data-settings=\"{&quot;_animation&quot;:&quot;bounceInUp&quot;}\" data-widget_type=\"image.default\">\n\t\t\t\t\t\t\t\t\t\t\t\t\t\t\t<img decoding=\"async\" width=\"800\" height=\"799\" src=\"https:\/\/globetrotterexcursions.com\/wp-content\/uploads\/2025\/02\/corporativo2.jpg\" class=\"attachment-large size-large wp-image-696\" alt=\"\" srcset=\"https:\/\/globetrotterexcursions.com\/wp-content\/uploads\/2025\/02\/corporativo2.jpg 800w, https:\/\/globetrotterexcursions.com\/wp-content\/uploads\/2025\/02\/corporativo2-300x300.jpg 300w, https:\/\/globetrotterexcursions.com\/wp-content\/uploads\/2025\/02\/corporativo2-150x150.jpg 150w, https:\/\/globetrotterexcursions.com\/wp-content\/uploads\/2025\/02\/corporativo2-768x767.jpg 768w, https:\/\/globetrotterexcursions.com\/wp-content\/uploads\/2025\/02\/corporativo2-12x12.jpg 12w, https:\/\/globetrotterexcursions.com\/wp-content\/uploads\/2025\/02\/corporativo2-600x599.jpg 600w, https:\/\/globetrotterexcursions.com\/wp-content\/uploads\/2025\/02\/corporativo2-100x100.jpg 100w\" sizes=\"(max-width: 800px) 100vw, 800px\" \/>\t\t\t\t\t\t\t\t\t\t\t\t\t\t\t<\/div>\n\t\t\t\t<\/div>\n\t\t<div class=\"elementor-element elementor-element-f1614a0 e-con-full e-flex elementor-invisible e-con e-child\" data-id=\"f1614a0\" data-element_type=\"container\" data-settings=\"{&quot;animation&quot;:&quot;fadeInUp&quot;}\">\n\t\t\t\t<div class=\"elementor-element elementor-element-7249903 elementor-widget__width-initial elementor-widget-mobile__width-inherit elementor-widget elementor-widget-text-editor\" data-id=\"7249903\" data-element_type=\"widget\" data-widget_type=\"text-editor.default\">\n\t\t\t\t\t\t\t\t\t<p><strong>Planning and Logistics:<\/strong><\/p><ul><li>Selection and negotiation with venues unique in Guatemala and Central america.<\/li><li>Management of accommodation for participants.<\/li><li>Coordination of transport and transfers.<\/li><\/ul><p>\u00a0<\/p><p><strong>Event production:<\/strong><\/p><ul><li>Design and assembly of scenarios and exhibit areas.<\/li><li>Audiovisual services of the latest generation.<\/li><li>Coordination of catering and services of F&amp;B.<\/li><\/ul><p>\u00a0<\/p><p><strong>Content schedule:<\/strong><\/p><ul><li>Assistance in the preparation of agendas and programs.<\/li><li>Recruitment of speakers and facilitators.<\/li><li>Organization of team building activities and networking.<\/li><\/ul><p>\u00a0<\/p><p><strong>Additional Services:<\/strong><\/p><ul><li>Registration of participants and management of accreditation.<\/li><li>Translation and interpretation services.<\/li><li>Photo coverage and video of the event.<\/li><\/ul>\t\t\t\t\t\t\t\t<\/div>\n\t\t\t\t<\/div>\n\t\t\t\t<\/div>\n\t\t\t\t\t<\/div>\n\t\t\t\t<\/div>\n\t\t<div class=\"elementor-element elementor-element-39ea35c e-flex e-con-boxed e-con e-parent\" data-id=\"39ea35c\" data-element_type=\"container\">\n\t\t\t\t\t<div class=\"e-con-inner\">\n\t\t\t\t<div class=\"elementor-element elementor-element-1b18af7 animated-fast elementor-invisible elementor-widget elementor-widget-heading\" data-id=\"1b18af7\" data-element_type=\"widget\" data-settings=\"{&quot;_animation&quot;:&quot;fadeInUp&quot;}\" data-widget_type=\"heading.default\">\n\t\t\t\t\t<h2 class=\"elementor-heading-title elementor-size-default\">Incentives and Rewards<\/h2>\t\t\t\t<\/div>\n\t\t\t\t<div class=\"elementor-element elementor-element-26265cb animated-fast elementor-invisible elementor-widget elementor-widget-text-editor\" data-id=\"26265cb\" data-element_type=\"widget\" data-settings=\"{&quot;_animation&quot;:&quot;fadeInUp&quot;}\" data-widget_type=\"text-editor.default\">\n\t\t\t\t\t\t\t\t\t<p>Motivate and reward your employees or clients with unique experiences in Guatemala and Central america. Our incentive programs are designed to inspire, recognise the outstanding performance and strengthen business relationships.<\/p>\t\t\t\t\t\t\t\t<\/div>\n\t\t<div class=\"elementor-element elementor-element-9cca6f6 e-con-full e-flex e-con e-child\" data-id=\"9cca6f6\" data-element_type=\"container\">\n\t\t<div class=\"elementor-element elementor-element-c04dc0c e-con-full e-flex e-con e-child\" data-id=\"c04dc0c\" data-element_type=\"container\">\n\t\t<div class=\"elementor-element elementor-element-64f65a7 e-con-full e-flex elementor-invisible e-con e-child\" data-id=\"64f65a7\" data-element_type=\"container\" data-settings=\"{&quot;animation&quot;:&quot;fadeInUp&quot;}\">\n\t\t\t\t<div class=\"elementor-element elementor-element-f810818 elementor-widget__width-initial elementor-widget elementor-widget-text-editor\" data-id=\"f810818\" data-element_type=\"widget\" data-widget_type=\"text-editor.default\">\n\t\t\t\t\t\t\t\t\t<p><strong>Incentive travel:<\/strong><\/p><ul><li>Custom itineraries that combine luxury, adventure and culture.<\/li><li>Exclusive experiences such as a private dinner in archaeological sites or helicopter tours on volcanoes.<\/li><li>Team building activities in natural environments impressive.<\/li><\/ul><p>\u00a0<\/p><p><strong>Rewards programs:<\/strong><\/p><ul><li>Platform of redemption of points for travel and experiences.<\/li><li>Catalog of awards that includes stays in luxury hotels, exclusive tours, and activities VIP.<\/li><li>Customization options to tailor the rewards to the individual&#039;s interest.<\/li><\/ul><p>\u00a0<\/p><p><strong>Recognition events:<\/strong><\/p><ul><li>Organization of galas and award ceremonies.<\/li><li>Video production and recognition materials custom.<\/li><li>Coordination of special activities for the honorees.<\/li><\/ul><p>\u00a0<\/p><p><strong>Experiences As:<\/strong><\/p><ul><li>Creation of packages travel theme aligned with the values and objectives of your company.<\/li><li>Incorporating elements of corporate social responsibility in incentive programs.<\/li><li>Options to include family members in the reward travel.<\/li><\/ul>\t\t\t\t\t\t\t\t<\/div>\n\t\t\t\t<\/div>\n\t\t<div class=\"elementor-element elementor-element-1431df9 e-con-full e-flex e-con e-child\" data-id=\"1431df9\" data-element_type=\"container\">\n\t\t\t\t<div class=\"elementor-element elementor-element-cab1954 elementor-widget-tablet__width-initial elementor-invisible elementor-widget elementor-widget-image\" data-id=\"cab1954\" data-element_type=\"widget\" data-settings=\"{&quot;_animation&quot;:&quot;bounceInUp&quot;}\" data-widget_type=\"image.default\">\n\t\t\t\t\t\t\t\t\t\t\t\t\t\t\t<img decoding=\"async\" width=\"780\" height=\"1024\" src=\"https:\/\/globetrotterexcursions.com\/wp-content\/uploads\/2025\/02\/corporativo3-780x1024.jpg\" class=\"attachment-large size-large wp-image-706\" alt=\"\" srcset=\"https:\/\/globetrotterexcursions.com\/wp-content\/uploads\/2025\/02\/corporativo3-780x1024.jpg 780w, https:\/\/globetrotterexcursions.com\/wp-content\/uploads\/2025\/02\/corporativo3-229x300.jpg 229w, https:\/\/globetrotterexcursions.com\/wp-content\/uploads\/2025\/02\/corporativo3-768x1008.jpg 768w, https:\/\/globetrotterexcursions.com\/wp-content\/uploads\/2025\/02\/corporativo3-9x12.jpg 9w, https:\/\/globetrotterexcursions.com\/wp-content\/uploads\/2025\/02\/corporativo3-600x788.jpg 600w, https:\/\/globetrotterexcursions.com\/wp-content\/uploads\/2025\/02\/corporativo3.jpg 800w\" sizes=\"(max-width: 780px) 100vw, 780px\" \/>\t\t\t\t\t\t\t\t\t\t\t\t\t\t\t<\/div>\n\t\t\t\t<\/div>\n\t\t\t\t<\/div>\n\t\t\t\t<\/div>\n\t\t\t\t\t<\/div>\n\t\t\t\t<\/div>\n\t\t<div class=\"elementor-element elementor-element-ed854e7 e-flex e-con-boxed e-con e-parent\" data-id=\"ed854e7\" data-element_type=\"container\" data-settings=\"{&quot;background_background&quot;:&quot;classic&quot;}\">\n\t\t\t\t\t<div class=\"e-con-inner\">\n\t\t<div class=\"elementor-element elementor-element-0ac1cde e-con-full e-flex elementor-invisible e-con e-child\" data-id=\"0ac1cde\" data-element_type=\"container\" data-settings=\"{&quot;animation&quot;:&quot;fadeInUp&quot;}\">\n\t\t\t\t<div class=\"elementor-element elementor-element-384847b elementor-widget__width-initial elementor-widget-mobile__width-inherit elementor-widget elementor-widget-text-editor\" data-id=\"384847b\" data-element_type=\"widget\" data-widget_type=\"text-editor.default\">\n\t\t\t\t\t\t\t\t\t<p>In Globetrotter Excursions, we understand that every company is unique, and that&#039;s why we offer flexible and personalised solutions for your corporate travel, events and incentives. Our goal is to exceed your expectations, providing you with exceptional service that combine professionalism, creativity and attention to detail.<\/p><p>Let us be your trusted partner in the management of its travel and corporate events. With our in-depth knowledge of Guatemala and Central america, and our network of contacts of the first class, we guarantee corporate experience that will inspire, motivate, and leave a lasting impression on your employees and customers.<\/p>\t\t\t\t\t\t\t\t<\/div>\n\t\t\t\t<div class=\"elementor-element elementor-element-d00bdd4 elementor-widget elementor-widget-button\" data-id=\"d00bdd4\" data-element_type=\"widget\" data-widget_type=\"button.default\">\n\t\t\t\t\t\t\t\t\t\t<a class=\"elementor-button elementor-button-link elementor-size-sm\" href=\"https:\/\/globetrotterexcursions.com\/en\/contacto\/\">\n\t\t\t\t\t\t<span class=\"elementor-button-content-wrapper\">\n\t\t\t\t\t\t\t\t\t<span class=\"elementor-button-text\">Contact us<\/span>\n\t\t\t\t\t<\/span>\n\t\t\t\t\t<\/a>\n\t\t\t\t\t\t\t\t<\/div>\n\t\t\t\t<\/div>\n\t\t\t\t\t<\/div>\n\t\t\t\t<\/div>\n\t\t\t\t<\/div>","protected":false},"excerpt":{"rendered":"<p>En Globetrotter Excursions, entendemos que los viajes corporativos requieren un enfoque especializado y una atenci\u00f3n meticulosa a los detalles. Nuestro equipo de expertos est\u00e1 dedicado a proporcionar soluciones de viaje personalizadas que se adaptan a las necesidades espec\u00edficas de su empresa, garantizando eficiencia, comodidad y valor en cada aspecto de su viaje de negocios. Gesti\u00f3n [&hellip;]<\/p>","protected":false},"author":2,"featured_media":0,"parent":0,"menu_order":0,"comment_status":"closed","ping_status":"closed","template":"","meta":{"footnotes":""},"class_list":["post-358","page","type-page","status-publish","hentry"],"_links":{"self":[{"href":"https:\/\/globetrotterexcursions.com\/en\/wp-json\/wp\/v2\/pages\/358","targetHints":{"allow":["GET"]}}],"collection":[{"href":"https:\/\/globetrotterexcursions.com\/en\/wp-json\/wp\/v2\/pages"}],"about":[{"href":"https:\/\/globetrotterexcursions.com\/en\/wp-json\/wp\/v2\/types\/page"}],"author":[{"embeddable":true,"href":"https:\/\/globetrotterexcursions.com\/en\/wp-json\/wp\/v2\/users\/2"}],"replies":[{"embeddable":true,"href":"https:\/\/globetrotterexcursions.com\/en\/wp-json\/wp\/v2\/comments?post=358"}],"version-history":[{"count":40,"href":"https:\/\/globetrotterexcursions.com\/en\/wp-json\/wp\/v2\/pages\/358\/revisions"}],"predecessor-version":[{"id":897,"href":"https:\/\/globetrotterexcursions.com\/en\/wp-json\/wp\/v2\/pages\/358\/revisions\/897"}],"wp:attachment":[{"href":"https:\/\/globetrotterexcursions.com\/en\/wp-json\/wp\/v2\/media?parent=358"}],"curies":[{"name":"wp","href":"https:\/\/api.w.org\/{rel}","templated":true}]}}