{"id":356,"date":"2025-02-04T11:32:22","date_gmt":"2025-02-04T17:32:22","guid":{"rendered":"https:\/\/globetrotterexcursions.com\/?page_id=356"},"modified":"2025-02-10T17:28:00","modified_gmt":"2025-02-10T23:28:00","slug":"sostenibilidad","status":"publish","type":"page","link":"https:\/\/globetrotterexcursions.com\/en\/sostenibilidad\/","title":{"rendered":"Sustainability"},"content":{"rendered":"<div data-elementor-type=\"wp-page\" data-elementor-id=\"356\" class=\"elementor elementor-356\" data-elementor-post-type=\"page\">\n\t\t\t\t<div class=\"elementor-element elementor-element-43f6136 e-flex e-con-boxed e-con e-parent\" data-id=\"43f6136\" data-element_type=\"container\" data-settings=\"{&quot;background_background&quot;:&quot;classic&quot;}\">\n\t\t\t\t\t<div class=\"e-con-inner\">\n\t\t<div class=\"elementor-element elementor-element-0364487 e-flex e-con-boxed e-con e-child\" data-id=\"0364487\" data-element_type=\"container\">\n\t\t\t\t\t<div class=\"e-con-inner\">\n\t\t\t\t<div class=\"elementor-element elementor-element-11e02ac elementor-widget__width-initial animated-fast elementor-invisible elementor-widget elementor-widget-text-editor\" data-id=\"11e02ac\" data-element_type=\"widget\" data-settings=\"{&quot;_animation&quot;:&quot;fadeInRight&quot;,&quot;_animation_delay&quot;:600}\" data-widget_type=\"text-editor.default\">\n\t\t\t\t\t\t\t\t\t<p>In Globetrotter Excursions, we are deeply committed to the preservation of the natural and cultural heritage of Guatemala and Central america. We firmly believe that tourism can be a positive force for sustainable development and conservation, and we strive to integrate responsible practices in every aspect of our operations.<\/p>\t\t\t\t\t\t\t\t<\/div>\n\t\t\t\t\t<\/div>\n\t\t\t\t<\/div>\n\t\t\t\t\t<\/div>\n\t\t\t\t<\/div>\n\t\t<div class=\"elementor-element elementor-element-3c727b9 e-flex e-con-boxed e-con e-parent\" data-id=\"3c727b9\" data-element_type=\"container\">\n\t\t\t\t\t<div class=\"e-con-inner\">\n\t\t<div class=\"elementor-element elementor-element-5e003b0 e-con-full e-flex e-con e-child\" data-id=\"5e003b0\" data-element_type=\"container\">\n\t\t<div class=\"elementor-element elementor-element-bce55db e-con-full e-flex elementor-invisible e-con e-child\" data-id=\"bce55db\" data-element_type=\"container\" data-settings=\"{&quot;animation&quot;:&quot;fadeInUp&quot;}\">\n\t\t\t\t<div class=\"elementor-element elementor-element-91ed1ae elementor-widget elementor-widget-heading\" data-id=\"91ed1ae\" data-element_type=\"widget\" data-widget_type=\"heading.default\">\n\t\t\t\t\t<h2 class=\"elementor-heading-title elementor-size-default\">Our Commitment<\/h2>\t\t\t\t<\/div>\n\t\t\t\t<div class=\"elementor-element elementor-element-943aad7 elementor-widget__width-initial elementor-widget elementor-widget-text-editor\" data-id=\"943aad7\" data-element_type=\"widget\" data-widget_type=\"text-editor.default\">\n\t\t\t\t\t\t\t\t\t<p>Our commitment to sustainability is based on three fundamental pillars:<\/p><p><b>Protection of the Environment:<\/b><\/p><ul><li>We minimise our environmental impact by reducing waste and the efficient use of resources.<\/li><li>We promote the conservation of fragile ecosystems and protected areas.<\/li><li>We educate our clients on tourism practices respectful with the environment.<\/li><\/ul><p>\u00a0<\/p><p><b>Cultural Preservation:<\/b><\/p><ul><li>We foster respect and appreciation of local cultures and indigenous traditions.<\/li><li>We support artisans and local producers, to promote the cultural authenticity.<\/li><li>We facilitate cultural exchanges significant between visitors and local communities.<\/li><\/ul><p>\u00a0<\/p><p><b>Local Economic Development:<\/b><\/p><ul><li>We prioritize the hiring of local staff and the collaboration with local providers.<\/li><li>We invest in the training and professional development of our team.<\/li><li>We contribute to community projects that improve the quality of life of local populations.<\/li><\/ul>\t\t\t\t\t\t\t\t<\/div>\n\t\t\t\t<\/div>\n\t\t<div class=\"elementor-element elementor-element-2bc5aca e-con-full e-flex e-con e-child\" data-id=\"2bc5aca\" data-element_type=\"container\">\n\t\t\t\t<div class=\"elementor-element elementor-element-13b51fa elementor-widget-tablet__width-initial elementor-invisible elementor-widget elementor-widget-image\" data-id=\"13b51fa\" data-element_type=\"widget\" data-settings=\"{&quot;_animation&quot;:&quot;bounceInUp&quot;}\" data-widget_type=\"image.default\">\n\t\t\t\t\t\t\t\t\t\t\t\t\t\t\t<img fetchpriority=\"high\" decoding=\"async\" width=\"800\" height=\"976\" src=\"https:\/\/globetrotterexcursions.com\/wp-content\/uploads\/2025\/02\/sostenibilidad.jpg\" class=\"attachment-large size-large wp-image-673\" alt=\"\" srcset=\"https:\/\/globetrotterexcursions.com\/wp-content\/uploads\/2025\/02\/sostenibilidad.jpg 800w, https:\/\/globetrotterexcursions.com\/wp-content\/uploads\/2025\/02\/sostenibilidad-246x300.jpg 246w, https:\/\/globetrotterexcursions.com\/wp-content\/uploads\/2025\/02\/sostenibilidad-768x937.jpg 768w, https:\/\/globetrotterexcursions.com\/wp-content\/uploads\/2025\/02\/sostenibilidad-10x12.jpg 10w, https:\/\/globetrotterexcursions.com\/wp-content\/uploads\/2025\/02\/sostenibilidad-600x732.jpg 600w\" sizes=\"(max-width: 800px) 100vw, 800px\" \/>\t\t\t\t\t\t\t\t\t\t\t\t\t\t\t<\/div>\n\t\t\t\t<\/div>\n\t\t\t\t<\/div>\n\t\t\t\t\t<\/div>\n\t\t\t\t<\/div>\n\t\t<div class=\"elementor-element elementor-element-b3b1a73 e-flex e-con-boxed e-con e-parent\" data-id=\"b3b1a73\" data-element_type=\"container\" data-settings=\"{&quot;background_background&quot;:&quot;classic&quot;}\">\n\t\t\t\t\t<div class=\"e-con-inner\">\n\t\t<div class=\"elementor-element elementor-element-b5c6a76 e-con-full e-flex e-con e-child\" data-id=\"b5c6a76\" data-element_type=\"container\">\n\t\t\t\t<div class=\"elementor-element elementor-element-0d56801 elementor-widget-tablet__width-initial elementor-invisible elementor-widget elementor-widget-image\" data-id=\"0d56801\" data-element_type=\"widget\" data-settings=\"{&quot;_animation&quot;:&quot;bounceInUp&quot;}\" data-widget_type=\"image.default\">\n\t\t\t\t\t\t\t\t\t\t\t\t\t\t\t<img decoding=\"async\" width=\"756\" height=\"1024\" src=\"https:\/\/globetrotterexcursions.com\/wp-content\/uploads\/2025\/02\/sostenibilidad2-756x1024.jpg\" class=\"attachment-large size-large wp-image-678\" alt=\"\" srcset=\"https:\/\/globetrotterexcursions.com\/wp-content\/uploads\/2025\/02\/sostenibilidad2-756x1024.jpg 756w, https:\/\/globetrotterexcursions.com\/wp-content\/uploads\/2025\/02\/sostenibilidad2-221x300.jpg 221w, https:\/\/globetrotterexcursions.com\/wp-content\/uploads\/2025\/02\/sostenibilidad2-768x1041.jpg 768w, https:\/\/globetrotterexcursions.com\/wp-content\/uploads\/2025\/02\/sostenibilidad2-9x12.jpg 9w, https:\/\/globetrotterexcursions.com\/wp-content\/uploads\/2025\/02\/sostenibilidad2-600x813.jpg 600w, https:\/\/globetrotterexcursions.com\/wp-content\/uploads\/2025\/02\/sostenibilidad2.jpg 800w\" sizes=\"(max-width: 756px) 100vw, 756px\" \/>\t\t\t\t\t\t\t\t\t\t\t\t\t\t\t<\/div>\n\t\t\t\t<\/div>\n\t\t<div class=\"elementor-element elementor-element-b522a81 e-con-full e-flex elementor-invisible e-con e-child\" data-id=\"b522a81\" data-element_type=\"container\" data-settings=\"{&quot;animation&quot;:&quot;fadeInUp&quot;}\">\n\t\t\t\t<div class=\"elementor-element elementor-element-444db7f elementor-widget elementor-widget-heading\" data-id=\"444db7f\" data-element_type=\"widget\" data-widget_type=\"heading.default\">\n\t\t\t\t\t<h2 class=\"elementor-heading-title elementor-size-default\">Community Projects<\/h2>\t\t\t\t<\/div>\n\t\t\t\t<div class=\"elementor-element elementor-element-fdb2901 elementor-widget__width-initial elementor-widget-mobile__width-inherit elementor-widget elementor-widget-text-editor\" data-id=\"fdb2901\" data-element_type=\"widget\" data-widget_type=\"text-editor.default\">\n\t\t\t\t\t\t\t\t\t<p>In Globetrotter Excursions, we believe in the power of tourism to generate a positive impact in the local communities. Some of our community projects include:<\/p><p><strong>Environmental Education program:<\/strong><br \/>We work with local schools to educate children on the importance of conservation and sustainable tourism. Through interactive workshops and educational trips, we encourage a new generation of guardians environmental.<\/p><p><strong>Initiative for Empowerment of Women&#039;s Handicraft:<\/strong><br \/>We support to cooperatives of women artisans in rural communities, providing training in business and access to markets for their traditional products. This project not only preserves craft techniques ancestral, but also promotes the economic independence of women.<\/p><p><strong>Program for the Conservation of Sea Turtles:<\/strong><br \/>We collaborate with local organizations on the Pacific coast to protect the nesting sites of sea turtles. Visitors can participate in conservation activities, such as the release of baby turtles, directly contributing to the preservation efforts.<\/p><p><strong>Community Tourism project:<\/strong><br \/>We have developed initiatives of community-based tourism in rural areas, where local families receive the visitors, offering authentic experiences of guatemalan life. This provides direct income communities, and fosters cultural exchange.<\/p>\t\t\t\t\t\t\t\t<\/div>\n\t\t\t\t<\/div>\n\t\t\t\t\t<\/div>\n\t\t\t\t<\/div>\n\t\t<div class=\"elementor-element elementor-element-bc4a5e1 e-flex e-con-boxed e-con e-parent\" data-id=\"bc4a5e1\" data-element_type=\"container\">\n\t\t\t\t\t<div class=\"e-con-inner\">\n\t\t<div class=\"elementor-element elementor-element-2adc0df e-con-full e-flex e-con e-child\" data-id=\"2adc0df\" data-element_type=\"container\">\n\t\t<div class=\"elementor-element elementor-element-8111222 e-con-full e-flex elementor-invisible e-con e-child\" data-id=\"8111222\" data-element_type=\"container\" data-settings=\"{&quot;animation&quot;:&quot;fadeInUp&quot;}\">\n\t\t\t\t<div class=\"elementor-element elementor-element-1d1c656 elementor-widget elementor-widget-heading\" data-id=\"1d1c656\" data-element_type=\"widget\" data-widget_type=\"heading.default\">\n\t\t\t\t\t<h2 class=\"elementor-heading-title elementor-size-default\">Responsible Tourism<\/h2>\t\t\t\t<\/div>\n\t\t\t\t<div class=\"elementor-element elementor-element-f82fb0c elementor-widget__width-initial elementor-widget elementor-widget-text-editor\" data-id=\"f82fb0c\" data-element_type=\"widget\" data-widget_type=\"text-editor.default\">\n\t\t\t\t\t\t\t\t\t<p>In Globetrotter Excursions, we believe that each traveler has the power to make a positive difference. We promote responsible tourism through the following practices:<\/p><p><strong>Code of Conduct of the Traveller:<\/strong><br \/>We provide all our customers a code of conduct that includes guidelines on how to interact respectfully with the local communities, to minimize the environmental impact and supporting the local economy.<\/p><p><strong>Experience Authentic Cultural:<\/strong><br \/>We design our tours to offer interactions genuine with the local communities, avoiding excessive commercialization of cultural traditions.<\/p><p><strong>Conservation of Resources:<\/strong><br \/>We encourage our customers to use reusable water bottles, to reduce the use of plastic single-use and to respect the natural areas that we visited.<\/p><p><strong>Support Local Businesses:<\/strong><br \/>We recommend restaurants, shops and services operated by local, ensuring that the economic benefits of tourism to remain in the communities.<\/p><p><strong>Education and Awareness:<\/strong><br \/>Our guides are trained to educate visitors on the importance of conservation and cultural respect, fostering a deeper understanding of the destinations that we visit.<\/p><p><strong>Carbon offset:<\/strong><br \/>We offer our customers the option to offset the carbon footprint of your journeys through reforestation projects and renewable energy in Guatemala.<\/p>\t\t\t\t\t\t\t\t<\/div>\n\t\t\t\t<\/div>\n\t\t<div class=\"elementor-element elementor-element-0a23754 e-con-full e-flex e-con e-child\" data-id=\"0a23754\" data-element_type=\"container\">\n\t\t\t\t<div class=\"elementor-element elementor-element-821461b elementor-widget-tablet__width-initial elementor-invisible elementor-widget elementor-widget-image\" data-id=\"821461b\" data-element_type=\"widget\" data-settings=\"{&quot;_animation&quot;:&quot;bounceInUp&quot;}\" data-widget_type=\"image.default\">\n\t\t\t\t\t\t\t\t\t\t\t\t\t\t\t<img decoding=\"async\" width=\"659\" height=\"1024\" src=\"https:\/\/globetrotterexcursions.com\/wp-content\/uploads\/2025\/02\/eco-659x1024.jpg\" class=\"attachment-large size-large wp-image-683\" alt=\"\" srcset=\"https:\/\/globetrotterexcursions.com\/wp-content\/uploads\/2025\/02\/eco-659x1024.jpg 659w, https:\/\/globetrotterexcursions.com\/wp-content\/uploads\/2025\/02\/eco-193x300.jpg 193w, https:\/\/globetrotterexcursions.com\/wp-content\/uploads\/2025\/02\/eco-768x1193.jpg 768w, https:\/\/globetrotterexcursions.com\/wp-content\/uploads\/2025\/02\/eco-8x12.jpg 8w, https:\/\/globetrotterexcursions.com\/wp-content\/uploads\/2025\/02\/eco-600x932.jpg 600w, https:\/\/globetrotterexcursions.com\/wp-content\/uploads\/2025\/02\/eco.jpg 800w\" sizes=\"(max-width: 659px) 100vw, 659px\" \/>\t\t\t\t\t\t\t\t\t\t\t\t\t\t\t<\/div>\n\t\t\t\t<\/div>\n\t\t\t\t<\/div>\n\t\t\t\t\t<\/div>\n\t\t\t\t<\/div>\n\t\t<div class=\"elementor-element elementor-element-8bca8f5 e-flex e-con-boxed e-con e-parent\" data-id=\"8bca8f5\" data-element_type=\"container\" data-settings=\"{&quot;background_background&quot;:&quot;classic&quot;}\">\n\t\t\t\t\t<div class=\"e-con-inner\">\n\t\t<div class=\"elementor-element elementor-element-738dcd6 e-con-full e-flex elementor-invisible e-con e-child\" data-id=\"738dcd6\" data-element_type=\"container\" data-settings=\"{&quot;animation&quot;:&quot;fadeInUp&quot;}\">\n\t\t\t\t<div class=\"elementor-element elementor-element-2324daa elementor-widget__width-initial elementor-widget-mobile__width-inherit elementor-widget elementor-widget-text-editor\" data-id=\"2324daa\" data-element_type=\"widget\" data-widget_type=\"text-editor.default\">\n\t\t\t\t\t\t\t\t\t<p>When you choose to travel with Globetrotter Excursions, you are not only choosing an exceptional travel experience, but it is also contributing to a more sustainable future for Guatemala and Central america. Together, we can ensure that the natural wonders and cultural heritage of this region are preserved for future generations.<\/p><p>We invite you to join us in our commitment to the sustainable and responsible tourism. <br \/>Each trip is an opportunity to make a positive difference in the world.<\/p>\t\t\t\t\t\t\t\t<\/div>\n\t\t\t\t<\/div>\n\t\t\t\t\t<\/div>\n\t\t\t\t<\/div>\n\t\t\t\t<\/div>","protected":false},"excerpt":{"rendered":"<p>En Globetrotter Excursions, estamos profundamente comprometidos con la preservaci\u00f3n del patrimonio natural y cultural de Guatemala y Centroam\u00e9rica. Creemos firmemente que el turismo puede ser una fuerza positiva para el desarrollo sostenible y la conservaci\u00f3n, y nos esforzamos por integrar pr\u00e1cticas responsables en cada aspecto de nuestras operaciones. Nuestro Compromiso Nuestro compromiso con la sostenibilidad [&hellip;]<\/p>","protected":false},"author":2,"featured_media":0,"parent":0,"menu_order":0,"comment_status":"closed","ping_status":"closed","template":"","meta":{"footnotes":""},"class_list":["post-356","page","type-page","status-publish","hentry"],"_links":{"self":[{"href":"https:\/\/globetrotterexcursions.com\/en\/wp-json\/wp\/v2\/pages\/356","targetHints":{"allow":["GET"]}}],"collection":[{"href":"https:\/\/globetrotterexcursions.com\/en\/wp-json\/wp\/v2\/pages"}],"about":[{"href":"https:\/\/globetrotterexcursions.com\/en\/wp-json\/wp\/v2\/types\/page"}],"author":[{"embeddable":true,"href":"https:\/\/globetrotterexcursions.com\/en\/wp-json\/wp\/v2\/users\/2"}],"replies":[{"embeddable":true,"href":"https:\/\/globetrotterexcursions.com\/en\/wp-json\/wp\/v2\/comments?post=356"}],"version-history":[{"count":23,"href":"https:\/\/globetrotterexcursions.com\/en\/wp-json\/wp\/v2\/pages\/356\/revisions"}],"predecessor-version":[{"id":1024,"href":"https:\/\/globetrotterexcursions.com\/en\/wp-json\/wp\/v2\/pages\/356\/revisions\/1024"}],"wp:attachment":[{"href":"https:\/\/globetrotterexcursions.com\/en\/wp-json\/wp\/v2\/media?parent=356"}],"curies":[{"name":"wp","href":"https:\/\/api.w.org\/{rel}","templated":true}]}}