{"id":16,"date":"2025-02-10T14:40:49","date_gmt":"2025-02-10T20:40:49","guid":{"rendered":"https:\/\/globetrotterexcursions.com\/?page_id=16"},"modified":"2025-02-10T17:53:00","modified_gmt":"2025-02-10T23:53:00","slug":"politica-de-cancelacion-y-reembolso","status":"publish","type":"page","link":"https:\/\/globetrotterexcursions.com\/en\/politica-de-cancelacion-y-reembolso\/","title":{"rendered":"Cancellation and Refund policy"},"content":{"rendered":"<div data-elementor-type=\"wp-page\" data-elementor-id=\"16\" class=\"elementor elementor-16\" data-elementor-post-type=\"page\">\n\t\t\t\t<div class=\"elementor-element elementor-element-4c9087b e-flex e-con-boxed e-con e-parent\" data-id=\"4c9087b\" data-element_type=\"container\" data-settings=\"{&quot;background_background&quot;:&quot;classic&quot;}\">\n\t\t\t\t\t<div class=\"e-con-inner\">\n\t\t<div class=\"elementor-element elementor-element-cf45296 e-flex e-con-boxed e-con e-child\" data-id=\"cf45296\" data-element_type=\"container\">\n\t\t\t\t\t<div class=\"e-con-inner\">\n\t\t\t\t\t<\/div>\n\t\t\t\t<\/div>\n\t\t\t\t\t<\/div>\n\t\t\t\t<\/div>\n\t\t<div class=\"elementor-element elementor-element-d146523 e-flex e-con-boxed e-con e-parent\" data-id=\"d146523\" data-element_type=\"container\">\n\t\t\t\t\t<div class=\"e-con-inner\">\n\t\t\t\t<div class=\"elementor-element elementor-element-aaa11e2 elementor-widget elementor-widget-text-editor\" data-id=\"aaa11e2\" data-element_type=\"widget\" data-widget_type=\"text-editor.default\">\n\t\t\t\t\t\t\t\t\t<p><strong>Date of last update:<\/strong> January 24, 2025<\/p><h4>Introduction<\/h4><p>This Cancellation and Refund Policy (hereinafter &#034;Policy&#034;) sets forth the terms and conditions under which the River Jade Tours (hereinafter, the &#034;Company&#034;) will manage cancellations and refunds of the contracted services. This Policy is governed by the laws of Guatemala and the international regulations of tourism applicable.<\/p><h4>Cancellations<\/h4><p>2.1. All cancellations must be requested in writing to the email provided on our website.<\/p><p>2.2. The effective date of cancellation shall be the date on which the Company receives the written request.<\/p><p>2.3. The cancellation conditions vary depending on the time in advance with which to perform:<\/p><p>a) Cancellations more than 30 days prior to the start date of service:<br \/>\u2013 Refund of 90% of the total amount paid.<br \/>\u2013 You will retain a 10% administration fee.<\/p><p>b) Cancellations between 15 and 30 days before the start date of service:<br \/>\u2013 50% refund of the total amount paid.<\/p><p>c) Cancellations made less than 15 days in advance:<br \/>\u2013 There will be No refund.<\/p><p>2.4. Special circumstances:<\/p><p>a) Force majeure: In case of events unforeseeable circumstances such as natural disasters, pandemics, or political conflicts that prevent the completion of the journey, we will offer a credit for the full amount paid, valid for 18 months.<\/p><p>(b) serious Illness or death: With the presentation of a medical certificate or death certificate, we will assess each case individually to determine the amount of the refund.<\/p><h4>Refunds<\/h4><p>3.1. Refunds will be processed within a maximum period of 30 days from the approval of the cancellation request.<\/p><p>3.2. Refunds will be made using the same method of payment originally used for the booking.<\/p><p>3.3. The maximum amount of reimbursement in any circumstance will not exceed the total amount paid by the client.<\/p><p>3.4. Refunds will not be given for services not used during the trip, including, but not limited to, hotel nights not used, excursions or meals not taken.<\/p><h4>Reservation amendments<\/h4><p>4.1. Requests for amendment of a booking must be made by written notice at least 15 days prior to the date of commencement of the service.<\/p><p>4.2. The amendments are subject to availability and may incur additional charges.<\/p><p>4.3. If the modification results in a decrease of the value of the service, will apply the cancellation policies mentioned above.<\/p><h4>Chargebacks<\/h4><p>5.1. In the event that a client initiates a chargeback with your bank, you must immediately notify the Company.<\/p><p>5.2. The Company reserves the right to dispute any chargeback that it deems unfair.<\/p><p>5.3. In the event of a chargeback successful, the client agrees to reimburse the Company for any expense incurred in the dispute the chargeback, including banking fees and administrative costs.<\/p><p>5.4. The Company reserves the right to take legal action in case of chargebacks, fraudulent or unwarranted.<\/p><h4>Travel insurance<\/h4><p>6.1. The Company strongly recommends the purchase of travel insurance that covers cancellation, to protect the client from financial losses in case of cancellation unexpected.<\/p><p>6.2. The Company will not be responsible for any additional costs incurred as a result of a cancellation.<\/p><h4>Exceptional Circumstances<\/h4><p>7.1. In the event that the Company is forced to cancel a service due to unforeseen circumstances or force majeure, we will offer the client the option of a full refund or a credit for future services.<\/p><p>7.2. The Company shall not be liable for additional costs incurred by the customer as a result of the cancellation (for example, flights, accommodation, extra, etc).<\/p><h4>Final Provisions<\/h4><p>8.1. This Policy is subject to change without notice. The applicable version will be the one in force on the date of the cancellation request.<\/p><p>8.2. Any dispute arising out of this Policy shall be subject to the exclusive jurisdiction of the courts of Guatemala.<\/p><p>In case of questions please contact us at the email available on our website.<\/p>\t\t\t\t\t\t\t\t<\/div>\n\t\t\t\t\t<\/div>\n\t\t\t\t<\/div>\n\t\t\t\t<\/div>","protected":false},"excerpt":{"rendered":"<p>Fecha de \u00faltima actualizaci\u00f3n: 24 de enero de 2025 Introducci\u00f3n Esta Pol\u00edtica de Cancelaci\u00f3n y Reembolso (en adelante, \u00abla Pol\u00edtica\u00bb) establece los t\u00e9rminos y condiciones bajo los cuales R\u00edo Jade Tours (en adelante, \u00abla Empresa\u00bb) gestionar\u00e1 las cancelaciones y reembolsos de los servicios contratados. Esta Pol\u00edtica se rige por las leyes de Guatemala y las [&hellip;]<\/p>","protected":false},"author":2,"featured_media":0,"parent":0,"menu_order":0,"comment_status":"closed","ping_status":"closed","template":"","meta":{"footnotes":""},"class_list":["post-16","page","type-page","status-publish","hentry"],"_links":{"self":[{"href":"https:\/\/globetrotterexcursions.com\/en\/wp-json\/wp\/v2\/pages\/16","targetHints":{"allow":["GET"]}}],"collection":[{"href":"https:\/\/globetrotterexcursions.com\/en\/wp-json\/wp\/v2\/pages"}],"about":[{"href":"https:\/\/globetrotterexcursions.com\/en\/wp-json\/wp\/v2\/types\/page"}],"author":[{"embeddable":true,"href":"https:\/\/globetrotterexcursions.com\/en\/wp-json\/wp\/v2\/users\/2"}],"replies":[{"embeddable":true,"href":"https:\/\/globetrotterexcursions.com\/en\/wp-json\/wp\/v2\/comments?post=16"}],"version-history":[{"count":10,"href":"https:\/\/globetrotterexcursions.com\/en\/wp-json\/wp\/v2\/pages\/16\/revisions"}],"predecessor-version":[{"id":928,"href":"https:\/\/globetrotterexcursions.com\/en\/wp-json\/wp\/v2\/pages\/16\/revisions\/928"}],"wp:attachment":[{"href":"https:\/\/globetrotterexcursions.com\/en\/wp-json\/wp\/v2\/media?parent=16"}],"curies":[{"name":"wp","href":"https:\/\/api.w.org\/{rel}","templated":true}]}}